{"id":790,"date":"2018-06-08T11:22:18","date_gmt":"2018-06-08T10:22:18","guid":{"rendered":"http:\/\/maitresse-ida.fr\/?page_id=790"},"modified":"2018-06-09T08:21:37","modified_gmt":"2018-06-09T07:21:37","slug":"politique-de-confidentialite","status":"publish","type":"page","link":"https:\/\/www.maitresse-ida.fr\/ida\/politique-de-confidentialite\/","title":{"rendered":"Politique de confidentialit\u00e9"},"content":{"rendered":"<p><strong>Politique de confidentialit\u00e9.<\/strong><\/p>\n<p>Coordonn\u00e9es du site :<\/p>\n<p>le site maitresse-ida.f est \u00e9dit\u00e9 par :<\/p>\n<p>Ida Denans<br \/>\nAdresse :\u00a0Route De Saint Veran 84190 BEAUMES DE VENISE<\/p>\n<p>Le responsable de la r\u00e9daction:<br \/>\nIda Denans<\/p>\n<p>Le site est h\u00e9berg\u00e9 par la soci\u00e9t\u00e9 OVH<br \/>\nSAS au capital de 10 000 000 \u20ac<br \/>\nRCS Roubaix \u2013 Tourcoing 424 761 419 00045<br \/>\nCode APE 6202A<br \/>\nN\u00b0 TVA : FR 22 424 761 419<br \/>\nSi\u00e8ge social : 2 rue Kellermann &#8211; 59100 Roubaix &#8211; France.<\/p>\n<p>&nbsp;<\/p>\n<p><em>1 Collecte de l\u2019information<\/em><\/p>\n<p>Nous recueillons des informations lorsque vous vous inscrivez sur la partie blog du site,\u00a0 lorsque vous commentez la publication d&rsquo;un article et lorsque vous utilisez le formulaire de contact.<br \/>\nLes informations recueillies incluent selon les indications que vous donnez, votre nom, le nom de votre entreprise, votre t\u00e9l\u00e9phone et votre adresse e-mail.<\/p>\n<p>Les donn\u00e9es inscrites dans le formulaire de commentaire, mais aussi votre adresse IP et l\u2019agent utilisateur de votre navigateur sont collect\u00e9s pour nous aider \u00e0 la d\u00e9tection des commentaires ind\u00e9sirables.<br \/>\nLes donn\u00e9es des personne utilisant le formulaire de contact sont conserv\u00e9es une ann\u00e9e. Et ne sont en aucun cas vendues ou c\u00e9d\u00e9es \u00e0 des tiers pour des fins commerciales.<\/p>\n<p><em>2. Utilisation des informations<\/em><\/p>\n<p>Les informations que nous recueillons aupr\u00e8s de vous peuvent \u00eatre utilis\u00e9es pour :<\/p>\n<ul>\n<li>Personnaliser votre exp\u00e9rience et r\u00e9pondre \u00e0 vos besoins individuels<\/li>\n<li>Fournir un contenu publicitaire personnalis\u00e9<\/li>\n<li>Am\u00e9liorer notre site Web<\/li>\n<li>Vous contacter par e-mail lorsque vous en faites la demande.<\/li>\n<\/ul>\n<p><em>4. Divulgation \u00e0 des tiers<\/em><strong><br \/>\n<\/strong><\/p>\n<p>Nous ne vendons, n\u2019\u00e9changeons et ne transf\u00e9rons pas vos informations personnelles identifiables \u00e0 des tiers.<\/p>\n<p>Les informations non-priv\u00e9es, cependant, peuvent \u00eatre fournies \u00e0 d\u2019autres parties pour le marketing, la publicit\u00e9, ou d\u2019autres utilisations.<\/p>\n<p>Nous r\u00e9coltons des informations sur les visiteurs qui commentent sur les sites utilisant Akismet, notre service contre les ind\u00e9sirables. Ces informations r\u00e9colt\u00e9es\u00a0 incluent g\u00e9n\u00e9ralement l\u2019adresse IP des commentateurs, l\u2019agent utilisateur, le r\u00e9f\u00e9rent et l\u2019URL du site (ainsi que d\u2019autres informations fournies directement par le commentateur comme leur nom, nom d\u2019utilisateur, adresse e-mail et leur commentaire).<\/p>\n<p><em>Est-ce que nous utilisons des cookies ?<\/em><\/p>\n<p>Oui. Nos cookies am\u00e9liorent l\u2019acc\u00e8s \u00e0 notre site et identifient les visiteurs r\u00e9guliers. En outre, nos cookies am\u00e9liorent l\u2019exp\u00e9rience d\u2019utilisateur gr\u00e2ce au suivi et au ciblage de ses int\u00e9r\u00eats. Cependant, cette utilisation des cookies n\u2019est en aucune fa\u00e7on li\u00e9e \u00e0 des informations personnelles identifiables sur notre site.<\/p>\n<p>Vous pouvez demander les informations vous concernant, d\u00e9tenues par le site en inscrivant votre mail ci-dessous .<br \/>\nVous serez averti par mail et recevrez un lien vous permettant de v\u00e9rifier les informations.<\/p>\n<p>[wpgdprc_access_request_form]<\/p>\n<p>&nbsp;<\/p>\n<p>&nbsp;<\/p>\n","protected":false},"excerpt":{"rendered":"<p>Politique de confidentialit\u00e9. Coordonn\u00e9es du site : le site maitresse-ida.f est \u00e9dit\u00e9 par : Ida Denans Adresse :\u00a0Route De Saint Veran 84190 BEAUMES DE VENISE Le responsable de la r\u00e9daction: Ida Denans Le site est h\u00e9berg\u00e9 par la soci\u00e9t\u00e9 OVH SAS au capital de 10 000 000 \u20ac RCS Roubaix \u2013 Tourcoing 424 761 419 [&hellip;]<\/p>\n","protected":false},"author":2,"featured_media":0,"parent":0,"menu_order":0,"comment_status":"closed","ping_status":"closed","template":"","meta":{"jetpack_post_was_ever_published":false,"footnotes":""},"class_list":["post-790","page","type-page","status-publish","hentry"],"yoast_head":"<!-- This site is optimized with the Yoast SEO Premium plugin v27.3 (Yoast SEO v27.3) - https:\/\/yoast.com\/product\/yoast-seo-premium-wordpress\/ -->\n<title>Politique de confidentialit\u00e9 - Ma\u00eetresse Ida<\/title>\n<meta name=\"robots\" content=\"index, follow, max-snippet:-1, max-image-preview:large, max-video-preview:-1\" \/>\n<link rel=\"canonical\" href=\"https:\/\/www.maitresse-ida.fr\/ida\/politique-de-confidentialite\/\" \/>\n<meta property=\"og:locale\" content=\"fr_FR\" \/>\n<meta property=\"og:type\" content=\"article\" \/>\n<meta property=\"og:title\" content=\"Politique de confidentialit\u00e9\" \/>\n<meta property=\"og:description\" content=\"Politique de confidentialit\u00e9. Coordonn\u00e9es du site : le site maitresse-ida.f est \u00e9dit\u00e9 par : Ida Denans Adresse :\u00a0Route De Saint Veran 84190 BEAUMES DE VENISE Le responsable de la r\u00e9daction: Ida Denans Le site est h\u00e9berg\u00e9 par la soci\u00e9t\u00e9 OVH SAS au capital de 10 000 000 \u20ac RCS Roubaix \u2013 Tourcoing 424 761 419 [&hellip;]\" \/>\n<meta property=\"og:url\" content=\"https:\/\/www.maitresse-ida.fr\/ida\/politique-de-confidentialite\/\" \/>\n<meta property=\"og:site_name\" content=\"Ma\u00eetresse Ida\" \/>\n<meta property=\"article:modified_time\" content=\"2018-06-09T07:21:37+00:00\" \/>\n<meta name=\"twitter:card\" content=\"summary_large_image\" \/>\n<meta name=\"twitter:label1\" content=\"Dur\u00e9e de lecture estim\u00e9e\" \/>\n\t<meta name=\"twitter:data1\" content=\"2 minutes\" \/>\n<script type=\"application\/ld+json\" class=\"yoast-schema-graph\">{\"@context\":\"https:\\\/\\\/schema.org\",\"@graph\":[{\"@type\":\"WebPage\",\"@id\":\"https:\\\/\\\/www.maitresse-ida.fr\\\/ida\\\/politique-de-confidentialite\\\/\",\"url\":\"https:\\\/\\\/www.maitresse-ida.fr\\\/ida\\\/politique-de-confidentialite\\\/\",\"name\":\"Politique de confidentialit\u00e9 - Ma\u00eetresse Ida\",\"isPartOf\":{\"@id\":\"https:\\\/\\\/www.maitresse-ida.fr\\\/ida\\\/#website\"},\"datePublished\":\"2018-06-08T10:22:18+00:00\",\"dateModified\":\"2018-06-09T07:21:37+00:00\",\"breadcrumb\":{\"@id\":\"https:\\\/\\\/www.maitresse-ida.fr\\\/ida\\\/politique-de-confidentialite\\\/#breadcrumb\"},\"inLanguage\":\"fr-FR\",\"potentialAction\":[{\"@type\":\"ReadAction\",\"target\":[\"https:\\\/\\\/www.maitresse-ida.fr\\\/ida\\\/politique-de-confidentialite\\\/\"]}]},{\"@type\":\"BreadcrumbList\",\"@id\":\"https:\\\/\\\/www.maitresse-ida.fr\\\/ida\\\/politique-de-confidentialite\\\/#breadcrumb\",\"itemListElement\":[{\"@type\":\"ListItem\",\"position\":1,\"name\":\"Accueil\",\"item\":\"https:\\\/\\\/www.maitresse-ida.fr\\\/ida\\\/\"},{\"@type\":\"ListItem\",\"position\":2,\"name\":\"Politique de confidentialit\u00e9\"}]},{\"@type\":\"WebSite\",\"@id\":\"https:\\\/\\\/www.maitresse-ida.fr\\\/ida\\\/#website\",\"url\":\"https:\\\/\\\/www.maitresse-ida.fr\\\/ida\\\/\",\"name\":\"Ma\u00eetresse Ida\",\"description\":\"Dominatrice en Provence\",\"publisher\":{\"@id\":\"https:\\\/\\\/www.maitresse-ida.fr\\\/ida\\\/#\\\/schema\\\/person\\\/8ab53d59f6297669045f83bd9eb052ab\"},\"potentialAction\":[{\"@type\":\"SearchAction\",\"target\":{\"@type\":\"EntryPoint\",\"urlTemplate\":\"https:\\\/\\\/www.maitresse-ida.fr\\\/ida\\\/?s={search_term_string}\"},\"query-input\":{\"@type\":\"PropertyValueSpecification\",\"valueRequired\":true,\"valueName\":\"search_term_string\"}}],\"inLanguage\":\"fr-FR\"},{\"@type\":[\"Person\",\"Organization\"],\"@id\":\"https:\\\/\\\/www.maitresse-ida.fr\\\/ida\\\/#\\\/schema\\\/person\\\/8ab53d59f6297669045f83bd9eb052ab\",\"name\":\"Ma\u00eetresse Ida\",\"image\":{\"@type\":\"ImageObject\",\"inLanguage\":\"fr-FR\",\"@id\":\"https:\\\/\\\/i0.wp.com\\\/www.maitresse-ida.fr\\\/ida\\\/wp-content\\\/uploads\\\/2020\\\/04\\\/soumission.jpg?fit=1000%2C694&ssl=1\",\"url\":\"https:\\\/\\\/i0.wp.com\\\/www.maitresse-ida.fr\\\/ida\\\/wp-content\\\/uploads\\\/2020\\\/04\\\/soumission.jpg?fit=1000%2C694&ssl=1\",\"contentUrl\":\"https:\\\/\\\/i0.wp.com\\\/www.maitresse-ida.fr\\\/ida\\\/wp-content\\\/uploads\\\/2020\\\/04\\\/soumission.jpg?fit=1000%2C694&ssl=1\",\"width\":1000,\"height\":694,\"caption\":\"Ma\u00eetresse Ida\"},\"logo\":{\"@id\":\"https:\\\/\\\/i0.wp.com\\\/www.maitresse-ida.fr\\\/ida\\\/wp-content\\\/uploads\\\/2020\\\/04\\\/soumission.jpg?fit=1000%2C694&ssl=1\"},\"sameAs\":[\"http:\\\/\\\/maitresse-ida.fr\\\/\"]}]}<\/script>\n<!-- \/ Yoast SEO Premium plugin. -->","yoast_head_json":{"title":"Politique de confidentialit\u00e9 - Ma\u00eetresse Ida","robots":{"index":"index","follow":"follow","max-snippet":"max-snippet:-1","max-image-preview":"max-image-preview:large","max-video-preview":"max-video-preview:-1"},"canonical":"https:\/\/www.maitresse-ida.fr\/ida\/politique-de-confidentialite\/","og_locale":"fr_FR","og_type":"article","og_title":"Politique de confidentialit\u00e9","og_description":"Politique de confidentialit\u00e9. Coordonn\u00e9es du site : le site maitresse-ida.f est \u00e9dit\u00e9 par : Ida Denans Adresse :\u00a0Route De Saint Veran 84190 BEAUMES DE VENISE Le responsable de la r\u00e9daction: Ida Denans Le site est h\u00e9berg\u00e9 par la soci\u00e9t\u00e9 OVH SAS au capital de 10 000 000 \u20ac RCS Roubaix \u2013 Tourcoing 424 761 419 [&hellip;]","og_url":"https:\/\/www.maitresse-ida.fr\/ida\/politique-de-confidentialite\/","og_site_name":"Ma\u00eetresse Ida","article_modified_time":"2018-06-09T07:21:37+00:00","twitter_card":"summary_large_image","twitter_misc":{"Dur\u00e9e de lecture estim\u00e9e":"2 minutes"},"schema":{"@context":"https:\/\/schema.org","@graph":[{"@type":"WebPage","@id":"https:\/\/www.maitresse-ida.fr\/ida\/politique-de-confidentialite\/","url":"https:\/\/www.maitresse-ida.fr\/ida\/politique-de-confidentialite\/","name":"Politique de confidentialit\u00e9 - Ma\u00eetresse Ida","isPartOf":{"@id":"https:\/\/www.maitresse-ida.fr\/ida\/#website"},"datePublished":"2018-06-08T10:22:18+00:00","dateModified":"2018-06-09T07:21:37+00:00","breadcrumb":{"@id":"https:\/\/www.maitresse-ida.fr\/ida\/politique-de-confidentialite\/#breadcrumb"},"inLanguage":"fr-FR","potentialAction":[{"@type":"ReadAction","target":["https:\/\/www.maitresse-ida.fr\/ida\/politique-de-confidentialite\/"]}]},{"@type":"BreadcrumbList","@id":"https:\/\/www.maitresse-ida.fr\/ida\/politique-de-confidentialite\/#breadcrumb","itemListElement":[{"@type":"ListItem","position":1,"name":"Accueil","item":"https:\/\/www.maitresse-ida.fr\/ida\/"},{"@type":"ListItem","position":2,"name":"Politique de confidentialit\u00e9"}]},{"@type":"WebSite","@id":"https:\/\/www.maitresse-ida.fr\/ida\/#website","url":"https:\/\/www.maitresse-ida.fr\/ida\/","name":"Ma\u00eetresse Ida","description":"Dominatrice en Provence","publisher":{"@id":"https:\/\/www.maitresse-ida.fr\/ida\/#\/schema\/person\/8ab53d59f6297669045f83bd9eb052ab"},"potentialAction":[{"@type":"SearchAction","target":{"@type":"EntryPoint","urlTemplate":"https:\/\/www.maitresse-ida.fr\/ida\/?s={search_term_string}"},"query-input":{"@type":"PropertyValueSpecification","valueRequired":true,"valueName":"search_term_string"}}],"inLanguage":"fr-FR"},{"@type":["Person","Organization"],"@id":"https:\/\/www.maitresse-ida.fr\/ida\/#\/schema\/person\/8ab53d59f6297669045f83bd9eb052ab","name":"Ma\u00eetresse Ida","image":{"@type":"ImageObject","inLanguage":"fr-FR","@id":"https:\/\/i0.wp.com\/www.maitresse-ida.fr\/ida\/wp-content\/uploads\/2020\/04\/soumission.jpg?fit=1000%2C694&ssl=1","url":"https:\/\/i0.wp.com\/www.maitresse-ida.fr\/ida\/wp-content\/uploads\/2020\/04\/soumission.jpg?fit=1000%2C694&ssl=1","contentUrl":"https:\/\/i0.wp.com\/www.maitresse-ida.fr\/ida\/wp-content\/uploads\/2020\/04\/soumission.jpg?fit=1000%2C694&ssl=1","width":1000,"height":694,"caption":"Ma\u00eetresse Ida"},"logo":{"@id":"https:\/\/i0.wp.com\/www.maitresse-ida.fr\/ida\/wp-content\/uploads\/2020\/04\/soumission.jpg?fit=1000%2C694&ssl=1"},"sameAs":["http:\/\/maitresse-ida.fr\/"]}]}},"jetpack_sharing_enabled":true,"jetpack_shortlink":"https:\/\/wp.me\/P6YV2q-cK","jetpack-related-posts":[{"id":167,"url":"https:\/\/www.maitresse-ida.fr\/ida\/mentions-legales\/","url_meta":{"origin":790,"position":0},"title":"Mentions l\u00e9gales","author":"Admin","date":"28 novembre 2015","format":false,"excerpt":"Le site http:\/\/maitresse-ida.fr\/\u00a0est \u00e9dit\u00e9 par : Ida Denans Responsable de la r\u00e9daction : Ida Denans Adresse :\u00a0 84190 Beaumes de Venise T\u00e9l. 04 90 65 05 04 Le site est h\u00e9berg\u00e9 par la soci\u00e9t\u00e9 OVH SAS au capital de 10 000 000 \u20ac RCS Roubaix \u2013 Tourcoing 424 761 419\u2026","rel":"","context":"Article similaire","block_context":{"text":"Article similaire","link":""},"img":{"alt_text":"","src":"","width":0,"height":0},"classes":[]},{"id":37,"url":"https:\/\/www.maitresse-ida.fr\/ida\/le-donjon\/","url_meta":{"origin":790,"position":1},"title":"Le Donjon version BDSM","author":"Admin","date":"24 novembre 2015","format":false,"excerpt":"Le Donjon BDSM : th\u00e9\u00e2tre du d\u00e9sir et de la reconqu\u00eate \u00c0 l\u2019oppos\u00e9, dans les fictions \u00e9rotiques le donjon BDSM est un espace d\u2019affirmation de soi. Ici, le corps n\u2019est pas emprisonn\u00e9 : il est expos\u00e9, c\u00e9l\u00e9br\u00e9, ritualis\u00e9. Les cha\u00eenes n\u2019y sont plus un instrument de punition, mais un outil\u2026","rel":"","context":"Article similaire","block_context":{"text":"Article similaire","link":""},"img":{"alt_text":"Donjon","src":"https:\/\/i0.wp.com\/maitresse-ida.fr\/ida\/wp-content\/uploads\/2017\/04\/Croix-e1492787225788.jpg?resize=350%2C200","width":350,"height":200},"classes":[]},{"id":129,"url":"https:\/\/www.maitresse-ida.fr\/ida\/lauteure\/","url_meta":{"origin":790,"position":2},"title":"L&rsquo;auteure","author":"Admin","date":"26 novembre 2015","format":false,"excerpt":"L'auteure Ida Denans La donna che picchiava duro: Diario di une domina\u00a0( Coniglio Editore, Rome) Ma\u00eetresse Ida R\u00e9cit. Format broch\u00e9, \u00e9puis\u00e9. Pour commander le livre en version PDF ou Epub (ebook), cliquer ici : Commander le fant\u00f4me de Sade ( France culture) Une \u00e9mission produite par Martin Quenehen et r\u00e9alis\u00e9e\u2026","rel":"","context":"Article similaire","block_context":{"text":"Article similaire","link":""},"img":{"alt_text":"La donna che picchiava duro","src":"https:\/\/i0.wp.com\/maitresse-ida.fr\/ida\/wp-content\/uploads\/2015\/11\/ida1.jpg?resize=350%2C200","width":350,"height":200},"classes":[]},{"id":2,"url":"https:\/\/www.maitresse-ida.fr\/ida\/pratiques-bdsm\/","url_meta":{"origin":790,"position":3},"title":"Pratiques BDSM","author":"Admin","date":"24 novembre 2015","format":false,"excerpt":"Ma\u00eetresse \u2013 Dame Ida Pratiques BDSM encadr\u00e9es \u00e0 Avignon \u2013 VaucluseDomination, soumission et fantasmes r\u00e9alis\u00e9sBDSM sous contr\u00f4le, respect et bienveillance Dans la p\u00e9nombre, l\u00e0 o\u00f9 la respiration devient aveu,les pratiques BDSM encadr\u00e9es prennent la forme d\u2019un rituel.Je vous accueille dans un espace o\u00f9 domination et soumission s\u2019entrelacentcomme deux flammes, noires\u2026","rel":"","context":"Article similaire","block_context":{"text":"Article similaire","link":""},"img":{"alt_text":"Jeux de soumission.","src":"https:\/\/i0.wp.com\/www.maitresse-ida.fr\/ida\/wp-content\/uploads\/2020\/01\/691.1.jpg?fit=1024%2C768&ssl=1&resize=350%2C200","width":350,"height":200,"srcset":"https:\/\/i0.wp.com\/www.maitresse-ida.fr\/ida\/wp-content\/uploads\/2020\/01\/691.1.jpg?fit=1024%2C768&ssl=1&resize=350%2C200 1x, https:\/\/i0.wp.com\/www.maitresse-ida.fr\/ida\/wp-content\/uploads\/2020\/01\/691.1.jpg?fit=1024%2C768&ssl=1&resize=525%2C300 1.5x, https:\/\/i0.wp.com\/www.maitresse-ida.fr\/ida\/wp-content\/uploads\/2020\/01\/691.1.jpg?fit=1024%2C768&ssl=1&resize=700%2C400 2x"},"classes":[]},{"id":774,"url":"https:\/\/www.maitresse-ida.fr\/ida\/contact\/","url_meta":{"origin":790,"position":4},"title":"Contact","author":"Admin","date":"14 janvier 2018","format":false,"excerpt":"Ma\u00eetresse Ida T\u00e9l. 06 11 50 68 30 Pour me contacter veuillez utiliser le formulaire ci-dessous \u00a0","rel":"","context":"Article similaire","block_context":{"text":"Article similaire","link":""},"img":{"alt_text":"Pratiques BDSm","src":"https:\/\/i0.wp.com\/maitresse-ida.fr\/ida\/wp-content\/uploads\/2015\/11\/DSC4017-1-225x300.jpg?resize=350%2C200","width":350,"height":200},"classes":[]},{"id":1325,"url":"https:\/\/www.maitresse-ida.fr\/ida\/qui-suis-je\/","url_meta":{"origin":790,"position":5},"title":"Qui suis-je ?","author":"Ma\u00eetresse Ida","date":"12 mai 2024","format":false,"excerpt":"Qui suis-je \u2013 Ma\u00eetresse Ida Une Dame, une pr\u00e9sence, une promesse Qui suis-je ? Certains d'entre vous m'appelle Maitresse, d'autres Madame, de mon cot\u00e9 j'aime bien le titre de Dame ! Une Dame au port assur\u00e9, \u00e0 la voix calme et ferme, qui incarne une domination \u00e9l\u00e9gante, enveloppante, inoubliable. Elle\u2026","rel":"","context":"Article similaire","block_context":{"text":"Article similaire","link":""},"img":{"alt_text":"Soumission et masochisme : quand la douleur devient d\u00e9sir Quand le regard devient pouvoir","src":"https:\/\/i0.wp.com\/www.maitresse-ida.fr\/ida\/wp-content\/uploads\/2024\/11\/cage-de-chastete-1-e1745765618417.jpg?resize=350%2C200&ssl=1","width":350,"height":200,"srcset":"https:\/\/i0.wp.com\/www.maitresse-ida.fr\/ida\/wp-content\/uploads\/2024\/11\/cage-de-chastete-1-e1745765618417.jpg?resize=350%2C200&ssl=1 1x, https:\/\/i0.wp.com\/www.maitresse-ida.fr\/ida\/wp-content\/uploads\/2024\/11\/cage-de-chastete-1-e1745765618417.jpg?resize=525%2C300&ssl=1 1.5x, https:\/\/i0.wp.com\/www.maitresse-ida.fr\/ida\/wp-content\/uploads\/2024\/11\/cage-de-chastete-1-e1745765618417.jpg?resize=700%2C400&ssl=1 2x"},"classes":[]}],"jetpack_likes_enabled":true,"_links":{"self":[{"href":"https:\/\/www.maitresse-ida.fr\/ida\/wp-json\/wp\/v2\/pages\/790","targetHints":{"allow":["GET"]}}],"collection":[{"href":"https:\/\/www.maitresse-ida.fr\/ida\/wp-json\/wp\/v2\/pages"}],"about":[{"href":"https:\/\/www.maitresse-ida.fr\/ida\/wp-json\/wp\/v2\/types\/page"}],"author":[{"embeddable":true,"href":"https:\/\/www.maitresse-ida.fr\/ida\/wp-json\/wp\/v2\/users\/2"}],"replies":[{"embeddable":true,"href":"https:\/\/www.maitresse-ida.fr\/ida\/wp-json\/wp\/v2\/comments?post=790"}],"version-history":[{"count":3,"href":"https:\/\/www.maitresse-ida.fr\/ida\/wp-json\/wp\/v2\/pages\/790\/revisions"}],"predecessor-version":[{"id":794,"href":"https:\/\/www.maitresse-ida.fr\/ida\/wp-json\/wp\/v2\/pages\/790\/revisions\/794"}],"wp:attachment":[{"href":"https:\/\/www.maitresse-ida.fr\/ida\/wp-json\/wp\/v2\/media?parent=790"}],"curies":[{"name":"wp","href":"https:\/\/api.w.org\/{rel}","templated":true}]}}