{"id":774,"date":"2018-01-14T17:48:06","date_gmt":"2018-01-14T16:48:06","guid":{"rendered":"http:\/\/maitresse-ida.fr\/?page_id=774"},"modified":"2018-01-14T17:48:30","modified_gmt":"2018-01-14T16:48:30","slug":"contact","status":"publish","type":"page","link":"https:\/\/www.maitresse-ida.fr\/ida\/contact\/","title":{"rendered":"Contact"},"content":{"rendered":"<p style=\"text-align: center;\">Ma\u00eetresse Ida<\/p>\n<p style=\"text-align: center;\">T\u00e9l. <strong>06 11 50 68 30<\/strong><\/p>\n<p style=\"text-align: center;\"><img data-recalc-dims=\"1\" loading=\"lazy\" decoding=\"async\" data-attachment-id=\"212\" data-permalink=\"https:\/\/www.maitresse-ida.fr\/ida\/portfolio\/fetichisme\/sony-dsc-3\/\" data-orig-file=\"https:\/\/i0.wp.com\/www.maitresse-ida.fr\/ida\/wp-content\/uploads\/2015\/11\/DSC4017-1.jpg?fit=413%2C550&amp;ssl=1\" data-orig-size=\"413,550\" data-comments-opened=\"1\" data-image-meta=\"{&quot;aperture&quot;:&quot;6.3&quot;,&quot;credit&quot;:&quot;&quot;,&quot;camera&quot;:&quot;DSLR-A700&quot;,&quot;caption&quot;:&quot;SONY DSC&quot;,&quot;created_timestamp&quot;:&quot;1385650148&quot;,&quot;copyright&quot;:&quot;&quot;,&quot;focal_length&quot;:&quot;55&quot;,&quot;iso&quot;:&quot;200&quot;,&quot;shutter_speed&quot;:&quot;0.0125&quot;,&quot;title&quot;:&quot;SONY DSC&quot;,&quot;orientation&quot;:&quot;1&quot;}\" data-image-title=\"\" data-image-description=\"\" data-image-caption=\"\" data-medium-file=\"https:\/\/i0.wp.com\/www.maitresse-ida.fr\/ida\/wp-content\/uploads\/2015\/11\/DSC4017-1.jpg?fit=225%2C300&amp;ssl=1\" data-large-file=\"https:\/\/i0.wp.com\/www.maitresse-ida.fr\/ida\/wp-content\/uploads\/2015\/11\/DSC4017-1.jpg?fit=413%2C550&amp;ssl=1\" class=\"alignnone size-medium wp-image-212\" src=\"https:\/\/i0.wp.com\/maitresse-ida.fr\/ida\/wp-content\/uploads\/2015\/11\/DSC4017-1-225x300.jpg?resize=225%2C300\" alt=\"Pratiques BDSm\" width=\"225\" height=\"300\" srcset=\"https:\/\/i0.wp.com\/www.maitresse-ida.fr\/ida\/wp-content\/uploads\/2015\/11\/DSC4017-1.jpg?resize=225%2C300&amp;ssl=1 225w, https:\/\/i0.wp.com\/www.maitresse-ida.fr\/ida\/wp-content\/uploads\/2015\/11\/DSC4017-1.jpg?resize=400%2C533&amp;ssl=1 400w, https:\/\/i0.wp.com\/www.maitresse-ida.fr\/ida\/wp-content\/uploads\/2015\/11\/DSC4017-1.jpg?w=413&amp;ssl=1 413w\" sizes=\"auto, (max-width: 225px) 100vw, 225px\" \/><\/p>\n<p style=\"text-align: center;\">Pour me contacter veuillez utiliser le formulaire ci-dessous<\/p>\n<p>&nbsp;<\/p>\n<p style=\"text-align: center;\">\n<div class=\"wpcf7 no-js\" id=\"wpcf7-f775-o1\" lang=\"fr-FR\" dir=\"ltr\" data-wpcf7-id=\"775\">\n<div class=\"screen-reader-response\"><p role=\"status\" aria-live=\"polite\" aria-atomic=\"true\"><\/p> <ul><\/ul><\/div>\n<form action=\"\/ida\/wp-json\/wp\/v2\/pages\/774#wpcf7-f775-o1\" method=\"post\" class=\"wpcf7-form init\" aria-label=\"Formulaire de contact\" novalidate=\"novalidate\" data-status=\"init\">\n<fieldset class=\"hidden-fields-container\"><input type=\"hidden\" name=\"_wpcf7\" value=\"775\" \/><input type=\"hidden\" name=\"_wpcf7_version\" value=\"6.1.5\" \/><input type=\"hidden\" name=\"_wpcf7_locale\" value=\"fr_FR\" \/><input type=\"hidden\" name=\"_wpcf7_unit_tag\" value=\"wpcf7-f775-o1\" \/><input type=\"hidden\" name=\"_wpcf7_container_post\" value=\"0\" \/><input type=\"hidden\" name=\"_wpcf7_posted_data_hash\" value=\"\" \/>\n<\/fieldset>\n<p><label> Votre nom (obligatoire)<br \/>\n<span class=\"wpcf7-form-control-wrap\" data-name=\"your-name\"><input size=\"40\" maxlength=\"400\" class=\"wpcf7-form-control wpcf7-text wpcf7-validates-as-required\" aria-required=\"true\" aria-invalid=\"false\" value=\"\" type=\"text\" name=\"your-name\" \/><\/span> <\/label>\n<\/p>\n<p><label> Votre adresse de messagerie (obligatoire)<br \/>\n<span class=\"wpcf7-form-control-wrap\" data-name=\"your-email\"><input size=\"40\" maxlength=\"400\" class=\"wpcf7-form-control wpcf7-email wpcf7-validates-as-required wpcf7-text wpcf7-validates-as-email\" aria-required=\"true\" aria-invalid=\"false\" value=\"\" type=\"email\" name=\"your-email\" \/><\/span> <\/label>\n<\/p>\n<p><label> Votre t\u00e9l\u00e9phone<br \/>\n<span class=\"wpcf7-form-control-wrap\" data-name=\"tel-861\"><input size=\"40\" maxlength=\"400\" class=\"wpcf7-form-control wpcf7-tel wpcf7-text wpcf7-validates-as-tel\" aria-invalid=\"false\" value=\"\" type=\"tel\" name=\"tel-861\" \/><\/span> <\/label>\n<\/p>\n<p><label> Objet<br \/>\n<span class=\"wpcf7-form-control-wrap\" data-name=\"your-subject\"><input size=\"40\" maxlength=\"400\" class=\"wpcf7-form-control wpcf7-text\" aria-invalid=\"false\" value=\"\" type=\"text\" name=\"your-subject\" \/><\/span> <\/label>\n<\/p>\n<p><label> Votre message<br \/>\n<span class=\"wpcf7-form-control-wrap\" data-name=\"your-message\"><textarea cols=\"40\" rows=\"10\" maxlength=\"2000\" class=\"wpcf7-form-control wpcf7-textarea\" aria-invalid=\"false\" name=\"your-message\"><\/textarea><\/span> <\/label>\n<\/p>\n<p>[wpgdprc \"En utilisant ce formulaire et en cochant cette case, vous acceptez notre politique de confidentialit\u00e9 et la gestion des cookies.\"]\n<\/p>\n<p><input class=\"wpcf7-form-control wpcf7-submit has-spinner\" type=\"submit\" value=\"Envoyer\" \/>\n<\/p><p style=\"display: none !important;\" class=\"akismet-fields-container\" data-prefix=\"_wpcf7_ak_\"><label>&#916;<textarea name=\"_wpcf7_ak_hp_textarea\" cols=\"45\" rows=\"8\" maxlength=\"100\"><\/textarea><\/label><input type=\"hidden\" id=\"ak_js_1\" name=\"_wpcf7_ak_js\" value=\"73\"\/><script>document.getElementById( \"ak_js_1\" ).setAttribute( \"value\", ( new Date() ).getTime() );<\/script><\/p><div class=\"wpcf7-response-output\" aria-hidden=\"true\"><\/div>\n<\/form>\n<\/div>\n<\/p>\n","protected":false},"excerpt":{"rendered":"<p>Ma\u00eetresse Ida T\u00e9l. 06 11 50 68 30 Pour me contacter veuillez utiliser le formulaire ci-dessous &nbsp;<\/p>\n","protected":false},"author":1,"featured_media":0,"parent":0,"menu_order":0,"comment_status":"closed","ping_status":"closed","template":"","meta":{"jetpack_post_was_ever_published":false,"footnotes":""},"class_list":["post-774","page","type-page","status-publish","hentry"],"yoast_head":"<!-- This site is optimized with the Yoast SEO Premium plugin v27.3 (Yoast SEO v27.3) - https:\/\/yoast.com\/product\/yoast-seo-premium-wordpress\/ -->\n<title>Contact - Ma\u00eetresse Ida<\/title>\n<meta name=\"robots\" content=\"index, follow, max-snippet:-1, max-image-preview:large, max-video-preview:-1\" \/>\n<link rel=\"canonical\" href=\"https:\/\/www.maitresse-ida.fr\/ida\/contact\/\" \/>\n<meta property=\"og:locale\" content=\"fr_FR\" \/>\n<meta property=\"og:type\" content=\"article\" \/>\n<meta property=\"og:title\" content=\"Contact\" \/>\n<meta property=\"og:description\" content=\"Ma\u00eetresse Ida T\u00e9l. 06 11 50 68 30 Pour me contacter veuillez utiliser le formulaire ci-dessous &nbsp;\" \/>\n<meta property=\"og:url\" content=\"https:\/\/www.maitresse-ida.fr\/ida\/contact\/\" \/>\n<meta property=\"og:site_name\" content=\"Ma\u00eetresse Ida\" \/>\n<meta property=\"article:modified_time\" content=\"2018-01-14T16:48:30+00:00\" \/>\n<meta property=\"og:image\" content=\"http:\/\/maitresse-ida.fr\/ida\/wp-content\/uploads\/2015\/11\/DSC4017-1-225x300.jpg\" \/>\n<meta name=\"twitter:card\" content=\"summary_large_image\" \/>\n<script type=\"application\/ld+json\" class=\"yoast-schema-graph\">{\"@context\":\"https:\\\/\\\/schema.org\",\"@graph\":[{\"@type\":\"WebPage\",\"@id\":\"https:\\\/\\\/www.maitresse-ida.fr\\\/ida\\\/contact\\\/\",\"url\":\"https:\\\/\\\/www.maitresse-ida.fr\\\/ida\\\/contact\\\/\",\"name\":\"Contact - Ma\u00eetresse Ida\",\"isPartOf\":{\"@id\":\"https:\\\/\\\/www.maitresse-ida.fr\\\/ida\\\/#website\"},\"primaryImageOfPage\":{\"@id\":\"https:\\\/\\\/www.maitresse-ida.fr\\\/ida\\\/contact\\\/#primaryimage\"},\"image\":{\"@id\":\"https:\\\/\\\/www.maitresse-ida.fr\\\/ida\\\/contact\\\/#primaryimage\"},\"thumbnailUrl\":\"http:\\\/\\\/maitresse-ida.fr\\\/ida\\\/wp-content\\\/uploads\\\/2015\\\/11\\\/DSC4017-1-225x300.jpg\",\"datePublished\":\"2018-01-14T16:48:06+00:00\",\"dateModified\":\"2018-01-14T16:48:30+00:00\",\"breadcrumb\":{\"@id\":\"https:\\\/\\\/www.maitresse-ida.fr\\\/ida\\\/contact\\\/#breadcrumb\"},\"inLanguage\":\"fr-FR\",\"potentialAction\":[{\"@type\":\"ReadAction\",\"target\":[\"https:\\\/\\\/www.maitresse-ida.fr\\\/ida\\\/contact\\\/\"]}]},{\"@type\":\"ImageObject\",\"inLanguage\":\"fr-FR\",\"@id\":\"https:\\\/\\\/www.maitresse-ida.fr\\\/ida\\\/contact\\\/#primaryimage\",\"url\":\"http:\\\/\\\/maitresse-ida.fr\\\/ida\\\/wp-content\\\/uploads\\\/2015\\\/11\\\/DSC4017-1-225x300.jpg\",\"contentUrl\":\"http:\\\/\\\/maitresse-ida.fr\\\/ida\\\/wp-content\\\/uploads\\\/2015\\\/11\\\/DSC4017-1-225x300.jpg\"},{\"@type\":\"BreadcrumbList\",\"@id\":\"https:\\\/\\\/www.maitresse-ida.fr\\\/ida\\\/contact\\\/#breadcrumb\",\"itemListElement\":[{\"@type\":\"ListItem\",\"position\":1,\"name\":\"Accueil\",\"item\":\"https:\\\/\\\/www.maitresse-ida.fr\\\/ida\\\/\"},{\"@type\":\"ListItem\",\"position\":2,\"name\":\"Contact\"}]},{\"@type\":\"WebSite\",\"@id\":\"https:\\\/\\\/www.maitresse-ida.fr\\\/ida\\\/#website\",\"url\":\"https:\\\/\\\/www.maitresse-ida.fr\\\/ida\\\/\",\"name\":\"Ma\u00eetresse Ida\",\"description\":\"Dominatrice en Provence\",\"publisher\":{\"@id\":\"https:\\\/\\\/www.maitresse-ida.fr\\\/ida\\\/#\\\/schema\\\/person\\\/8ab53d59f6297669045f83bd9eb052ab\"},\"potentialAction\":[{\"@type\":\"SearchAction\",\"target\":{\"@type\":\"EntryPoint\",\"urlTemplate\":\"https:\\\/\\\/www.maitresse-ida.fr\\\/ida\\\/?s={search_term_string}\"},\"query-input\":{\"@type\":\"PropertyValueSpecification\",\"valueRequired\":true,\"valueName\":\"search_term_string\"}}],\"inLanguage\":\"fr-FR\"},{\"@type\":[\"Person\",\"Organization\"],\"@id\":\"https:\\\/\\\/www.maitresse-ida.fr\\\/ida\\\/#\\\/schema\\\/person\\\/8ab53d59f6297669045f83bd9eb052ab\",\"name\":\"Ma\u00eetresse Ida\",\"image\":{\"@type\":\"ImageObject\",\"inLanguage\":\"fr-FR\",\"@id\":\"https:\\\/\\\/i0.wp.com\\\/www.maitresse-ida.fr\\\/ida\\\/wp-content\\\/uploads\\\/2020\\\/04\\\/soumission.jpg?fit=1000%2C694&ssl=1\",\"url\":\"https:\\\/\\\/i0.wp.com\\\/www.maitresse-ida.fr\\\/ida\\\/wp-content\\\/uploads\\\/2020\\\/04\\\/soumission.jpg?fit=1000%2C694&ssl=1\",\"contentUrl\":\"https:\\\/\\\/i0.wp.com\\\/www.maitresse-ida.fr\\\/ida\\\/wp-content\\\/uploads\\\/2020\\\/04\\\/soumission.jpg?fit=1000%2C694&ssl=1\",\"width\":1000,\"height\":694,\"caption\":\"Ma\u00eetresse Ida\"},\"logo\":{\"@id\":\"https:\\\/\\\/i0.wp.com\\\/www.maitresse-ida.fr\\\/ida\\\/wp-content\\\/uploads\\\/2020\\\/04\\\/soumission.jpg?fit=1000%2C694&ssl=1\"},\"sameAs\":[\"http:\\\/\\\/maitresse-ida.fr\\\/\"]}]}<\/script>\n<!-- \/ Yoast SEO Premium plugin. -->","yoast_head_json":{"title":"Contact - Ma\u00eetresse Ida","robots":{"index":"index","follow":"follow","max-snippet":"max-snippet:-1","max-image-preview":"max-image-preview:large","max-video-preview":"max-video-preview:-1"},"canonical":"https:\/\/www.maitresse-ida.fr\/ida\/contact\/","og_locale":"fr_FR","og_type":"article","og_title":"Contact","og_description":"Ma\u00eetresse Ida T\u00e9l. 06 11 50 68 30 Pour me contacter veuillez utiliser le formulaire ci-dessous &nbsp;","og_url":"https:\/\/www.maitresse-ida.fr\/ida\/contact\/","og_site_name":"Ma\u00eetresse Ida","article_modified_time":"2018-01-14T16:48:30+00:00","og_image":[{"url":"http:\/\/maitresse-ida.fr\/ida\/wp-content\/uploads\/2015\/11\/DSC4017-1-225x300.jpg","type":"","width":"","height":""}],"twitter_card":"summary_large_image","schema":{"@context":"https:\/\/schema.org","@graph":[{"@type":"WebPage","@id":"https:\/\/www.maitresse-ida.fr\/ida\/contact\/","url":"https:\/\/www.maitresse-ida.fr\/ida\/contact\/","name":"Contact - Ma\u00eetresse Ida","isPartOf":{"@id":"https:\/\/www.maitresse-ida.fr\/ida\/#website"},"primaryImageOfPage":{"@id":"https:\/\/www.maitresse-ida.fr\/ida\/contact\/#primaryimage"},"image":{"@id":"https:\/\/www.maitresse-ida.fr\/ida\/contact\/#primaryimage"},"thumbnailUrl":"http:\/\/maitresse-ida.fr\/ida\/wp-content\/uploads\/2015\/11\/DSC4017-1-225x300.jpg","datePublished":"2018-01-14T16:48:06+00:00","dateModified":"2018-01-14T16:48:30+00:00","breadcrumb":{"@id":"https:\/\/www.maitresse-ida.fr\/ida\/contact\/#breadcrumb"},"inLanguage":"fr-FR","potentialAction":[{"@type":"ReadAction","target":["https:\/\/www.maitresse-ida.fr\/ida\/contact\/"]}]},{"@type":"ImageObject","inLanguage":"fr-FR","@id":"https:\/\/www.maitresse-ida.fr\/ida\/contact\/#primaryimage","url":"http:\/\/maitresse-ida.fr\/ida\/wp-content\/uploads\/2015\/11\/DSC4017-1-225x300.jpg","contentUrl":"http:\/\/maitresse-ida.fr\/ida\/wp-content\/uploads\/2015\/11\/DSC4017-1-225x300.jpg"},{"@type":"BreadcrumbList","@id":"https:\/\/www.maitresse-ida.fr\/ida\/contact\/#breadcrumb","itemListElement":[{"@type":"ListItem","position":1,"name":"Accueil","item":"https:\/\/www.maitresse-ida.fr\/ida\/"},{"@type":"ListItem","position":2,"name":"Contact"}]},{"@type":"WebSite","@id":"https:\/\/www.maitresse-ida.fr\/ida\/#website","url":"https:\/\/www.maitresse-ida.fr\/ida\/","name":"Ma\u00eetresse Ida","description":"Dominatrice en Provence","publisher":{"@id":"https:\/\/www.maitresse-ida.fr\/ida\/#\/schema\/person\/8ab53d59f6297669045f83bd9eb052ab"},"potentialAction":[{"@type":"SearchAction","target":{"@type":"EntryPoint","urlTemplate":"https:\/\/www.maitresse-ida.fr\/ida\/?s={search_term_string}"},"query-input":{"@type":"PropertyValueSpecification","valueRequired":true,"valueName":"search_term_string"}}],"inLanguage":"fr-FR"},{"@type":["Person","Organization"],"@id":"https:\/\/www.maitresse-ida.fr\/ida\/#\/schema\/person\/8ab53d59f6297669045f83bd9eb052ab","name":"Ma\u00eetresse Ida","image":{"@type":"ImageObject","inLanguage":"fr-FR","@id":"https:\/\/i0.wp.com\/www.maitresse-ida.fr\/ida\/wp-content\/uploads\/2020\/04\/soumission.jpg?fit=1000%2C694&ssl=1","url":"https:\/\/i0.wp.com\/www.maitresse-ida.fr\/ida\/wp-content\/uploads\/2020\/04\/soumission.jpg?fit=1000%2C694&ssl=1","contentUrl":"https:\/\/i0.wp.com\/www.maitresse-ida.fr\/ida\/wp-content\/uploads\/2020\/04\/soumission.jpg?fit=1000%2C694&ssl=1","width":1000,"height":694,"caption":"Ma\u00eetresse Ida"},"logo":{"@id":"https:\/\/i0.wp.com\/www.maitresse-ida.fr\/ida\/wp-content\/uploads\/2020\/04\/soumission.jpg?fit=1000%2C694&ssl=1"},"sameAs":["http:\/\/maitresse-ida.fr\/"]}]}},"jetpack_sharing_enabled":true,"jetpack_shortlink":"https:\/\/wp.me\/P6YV2q-cu","jetpack-related-posts":[{"id":790,"url":"https:\/\/www.maitresse-ida.fr\/ida\/politique-de-confidentialite\/","url_meta":{"origin":774,"position":0},"title":"Politique de confidentialit\u00e9","author":"Ma\u00eetresse Ida","date":"8 juin 2018","format":false,"excerpt":"Politique de confidentialit\u00e9. Coordonn\u00e9es du site : le site maitresse-ida.f est \u00e9dit\u00e9 par : Ida Denans Adresse :\u00a0Route De Saint Veran 84190 BEAUMES DE VENISE Le responsable de la r\u00e9daction: Ida Denans Le site est h\u00e9berg\u00e9 par la soci\u00e9t\u00e9 OVH SAS au capital de 10 000 000 \u20ac RCS Roubaix\u2026","rel":"","context":"Article similaire","block_context":{"text":"Article similaire","link":""},"img":{"alt_text":"","src":"","width":0,"height":0},"classes":[]}],"jetpack_likes_enabled":true,"_links":{"self":[{"href":"https:\/\/www.maitresse-ida.fr\/ida\/wp-json\/wp\/v2\/pages\/774","targetHints":{"allow":["GET"]}}],"collection":[{"href":"https:\/\/www.maitresse-ida.fr\/ida\/wp-json\/wp\/v2\/pages"}],"about":[{"href":"https:\/\/www.maitresse-ida.fr\/ida\/wp-json\/wp\/v2\/types\/page"}],"author":[{"embeddable":true,"href":"https:\/\/www.maitresse-ida.fr\/ida\/wp-json\/wp\/v2\/users\/1"}],"replies":[{"embeddable":true,"href":"https:\/\/www.maitresse-ida.fr\/ida\/wp-json\/wp\/v2\/comments?post=774"}],"version-history":[{"count":2,"href":"https:\/\/www.maitresse-ida.fr\/ida\/wp-json\/wp\/v2\/pages\/774\/revisions"}],"predecessor-version":[{"id":777,"href":"https:\/\/www.maitresse-ida.fr\/ida\/wp-json\/wp\/v2\/pages\/774\/revisions\/777"}],"wp:attachment":[{"href":"https:\/\/www.maitresse-ida.fr\/ida\/wp-json\/wp\/v2\/media?parent=774"}],"curies":[{"name":"wp","href":"https:\/\/api.w.org\/{rel}","templated":true}]}}