{"id":67,"date":"2015-11-25T15:00:54","date_gmt":"2015-11-25T14:00:54","guid":{"rendered":"http:\/\/maitresse-ida.fr\/ida\/?page_id=67"},"modified":"2025-11-05T01:08:00","modified_gmt":"2025-11-05T00:08:00","slug":"partenaires-et-liens","status":"publish","type":"page","link":"https:\/\/www.maitresse-ida.fr\/ida\/partenaires-et-liens\/","title":{"rendered":"Partenaires et liens"},"content":{"rendered":"<p style=\"text-align: left;\">https:\/\/bodyhouse.fr\/magasins\/3-avignon-nord?gad_source=1&amp;gad_campaignid=20682426895&amp;gclid=CjwKCAjwk7DFBhBAEiwAeYbJsWT7t5iXZ-lTVW_-CixwKeFgPuh3WuPmvTjfJY5BA4wiJpJf2Pun5BoCqogQAvD_BwELiens vers mes sites partenaires et liens int\u00e9ressants.<\/p>\n<p>https:\/\/fetlife.com\/<\/p>\n<p><a href=\"https:\/\/bodyhouse.fr\/magasins\/3-avignon-nord?gad_source=1&amp;gad_campaignid=20682426895&amp;gclid=CjwKCAjwk7DFBhBAEiwAeYbJsWT7t5iXZ-lTVW_-CixwKeFgPuh3WuPmvTjfJY5BA4wiJpJf2Pun5BoCqogQAvD_BwE\" target=\"_blank\" rel=\"noopener\"><img data-recalc-dims=\"1\" loading=\"lazy\" decoding=\"async\" class=\"alignnone wp-image-879\" src=\"https:\/\/i0.wp.com\/maitresse-ida.fr\/site\/wp-content\/uploads\/2013\/12\/dominatrices-ban-300x38.jpg?resize=466%2C59\" alt=\"\" width=\"466\" height=\"59\" \/><\/a><\/p>\n<p>https:\/\/fetlife.com\/<\/p>\n<p><a href=\"http:\/\/www.fetishdomina.net\/top100\/in.php?id=jmarc\" target=\"_blank\" rel=\"noopener\"><img data-recalc-dims=\"1\" loading=\"lazy\" decoding=\"async\" style=\"border: 0px;\" src=\"https:\/\/i0.wp.com\/www.fetishdomina.net\/top100\/fetishdominatop.jpg?resize=468%2C60\" alt=\"\" width=\"468\" height=\"60\" border=\"0\" \/><\/a><\/p>\n<p><a title=\"dominatrice Avignon\" href=\"http:\/\/www.fetish-europe.net\/in.php?id=jmzrc\" target=\"_blank\" rel=\"noopener\"><img data-recalc-dims=\"1\" loading=\"lazy\" decoding=\"async\" style=\"border: 0px;\" src=\"https:\/\/i0.wp.com\/www.fetish-europe.net\/images\/fetisheurope468.jpg?resize=468%2C60\" alt=\"\" width=\"468\" height=\"60\" border=\"0\" \/><\/a><\/p>\n<p><a href=\"http:\/\/www.theowk.com\/in.php?id=jmarc\"><img data-recalc-dims=\"1\" decoding=\"async\" src=\"https:\/\/i0.wp.com\/www.theowk.com\/images\/owk468.jpg?w=640\" alt=\"\" border=\"0\" \/><\/a><\/p>\n<p><a href=\"http:\/\/www.lesfetichistes.com\/\" target=\"_blank\" rel=\"nofollow noopener\"><img data-recalc-dims=\"1\" loading=\"lazy\" decoding=\"async\" src=\"https:\/\/i0.wp.com\/www.lesfetichistes.com\/img\/banner\/lesfetichistes_banner.gif?resize=460%2C60\" alt=\"Les Fetichistes, le r\u00e9seau de tous les fetichistes\" width=\"460\" height=\"60\" border=\"0\" \/><\/a><\/p>\n<p><strong><span style=\"text-decoration: underline;\">Annuaires g\u00e9n\u00e9ralistes<\/span><\/strong><\/p>\n<p><a title=\"Oref\" href=\"http:\/\/www.oref.fr\" target=\"_blank\" rel=\"noopener\">Oref.fr<\/a><\/p>\n<p><a href=\"http:\/\/www.libidoconnexion.com\/\" target=\"_blank\" rel=\"noopener\"><img data-recalc-dims=\"1\" loading=\"lazy\" decoding=\"async\" style=\"border: 0px;\" src=\"https:\/\/i0.wp.com\/www.libidoconnexion.com\/img\/minibouttons\/libido04.gif?resize=95%2C42\" alt=\"\" width=\"95\" height=\"42\" border=\"0\" \/><\/a><\/p>\n","protected":false},"excerpt":{"rendered":"<p>https:\/\/bodyhouse.fr\/magasins\/3-avignon-nord?gad_source=1&amp;gad_campaignid=20682426895&amp;gclid=CjwKCAjwk7DFBhBAEiwAeYbJsWT7t5iXZ-lTVW_-CixwKeFgPuh3WuPmvTjfJY5BA4wiJpJf2Pun5BoCqogQAvD_BwELiens vers mes sites partenaires et liens int\u00e9ressants. https:\/\/fetlife.com\/ https:\/\/fetlife.com\/ Annuaires g\u00e9n\u00e9ralistes Oref.fr<\/p>\n","protected":false},"author":1,"featured_media":0,"parent":0,"menu_order":0,"comment_status":"closed","ping_status":"closed","template":"","meta":{"jetpack_post_was_ever_published":false,"footnotes":""},"class_list":["post-67","page","type-page","status-publish","hentry"],"yoast_head":"<!-- This site is optimized with the Yoast SEO Premium plugin v27.4 (Yoast SEO v27.5) - https:\/\/yoast.com\/product\/yoast-seo-premium-wordpress\/ -->\n<title>Partenaires et liens - Ma\u00eetresse Ida<\/title>\n<meta name=\"robots\" content=\"index, follow, max-snippet:-1, max-image-preview:large, max-video-preview:-1\" \/>\n<link rel=\"canonical\" href=\"https:\/\/www.maitresse-ida.fr\/ida\/partenaires-et-liens\/\" \/>\n<meta property=\"og:locale\" content=\"fr_FR\" \/>\n<meta property=\"og:type\" content=\"article\" \/>\n<meta property=\"og:title\" content=\"Partenaires et liens\" \/>\n<meta property=\"og:description\" content=\"https:\/\/bodyhouse.fr\/magasins\/3-avignon-nord?gad_source=1&amp;gad_campaignid=20682426895&amp;gclid=CjwKCAjwk7DFBhBAEiwAeYbJsWT7t5iXZ-lTVW_-CixwKeFgPuh3WuPmvTjfJY5BA4wiJpJf2Pun5BoCqogQAvD_BwELiens vers mes sites partenaires et liens int\u00e9ressants. https:\/\/fetlife.com\/ https:\/\/fetlife.com\/ Annuaires g\u00e9n\u00e9ralistes Oref.fr\" \/>\n<meta property=\"og:url\" content=\"https:\/\/www.maitresse-ida.fr\/ida\/partenaires-et-liens\/\" \/>\n<meta property=\"og:site_name\" content=\"Ma\u00eetresse Ida\" \/>\n<meta property=\"article:modified_time\" content=\"2025-11-05T00:08:00+00:00\" \/>\n<meta property=\"og:image\" content=\"http:\/\/maitresse-ida.fr\/site\/wp-content\/uploads\/2013\/12\/dominatrices-ban-300x38.jpg\" \/>\n<meta name=\"twitter:card\" content=\"summary_large_image\" \/>\n<meta name=\"twitter:label1\" content=\"Dur\u00e9e de lecture estim\u00e9e\" \/>\n\t<meta name=\"twitter:data1\" content=\"2 minutes\" \/>\n<script type=\"application\/ld+json\" class=\"yoast-schema-graph\">{\"@context\":\"https:\\\/\\\/schema.org\",\"@graph\":[{\"@type\":\"WebPage\",\"@id\":\"https:\\\/\\\/www.maitresse-ida.fr\\\/ida\\\/partenaires-et-liens\\\/\",\"url\":\"https:\\\/\\\/www.maitresse-ida.fr\\\/ida\\\/partenaires-et-liens\\\/\",\"name\":\"Partenaires et liens - Ma\u00eetresse Ida\",\"isPartOf\":{\"@id\":\"https:\\\/\\\/www.maitresse-ida.fr\\\/ida\\\/#website\"},\"primaryImageOfPage\":{\"@id\":\"https:\\\/\\\/www.maitresse-ida.fr\\\/ida\\\/partenaires-et-liens\\\/#primaryimage\"},\"image\":{\"@id\":\"https:\\\/\\\/www.maitresse-ida.fr\\\/ida\\\/partenaires-et-liens\\\/#primaryimage\"},\"thumbnailUrl\":\"http:\\\/\\\/maitresse-ida.fr\\\/site\\\/wp-content\\\/uploads\\\/2013\\\/12\\\/dominatrices-ban-300x38.jpg\",\"datePublished\":\"2015-11-25T14:00:54+00:00\",\"dateModified\":\"2025-11-05T00:08:00+00:00\",\"breadcrumb\":{\"@id\":\"https:\\\/\\\/www.maitresse-ida.fr\\\/ida\\\/partenaires-et-liens\\\/#breadcrumb\"},\"inLanguage\":\"fr-FR\",\"potentialAction\":[{\"@type\":\"ReadAction\",\"target\":[\"https:\\\/\\\/www.maitresse-ida.fr\\\/ida\\\/partenaires-et-liens\\\/\"]}]},{\"@type\":\"ImageObject\",\"inLanguage\":\"fr-FR\",\"@id\":\"https:\\\/\\\/www.maitresse-ida.fr\\\/ida\\\/partenaires-et-liens\\\/#primaryimage\",\"url\":\"http:\\\/\\\/maitresse-ida.fr\\\/site\\\/wp-content\\\/uploads\\\/2013\\\/12\\\/dominatrices-ban-300x38.jpg\",\"contentUrl\":\"http:\\\/\\\/maitresse-ida.fr\\\/site\\\/wp-content\\\/uploads\\\/2013\\\/12\\\/dominatrices-ban-300x38.jpg\"},{\"@type\":\"BreadcrumbList\",\"@id\":\"https:\\\/\\\/www.maitresse-ida.fr\\\/ida\\\/partenaires-et-liens\\\/#breadcrumb\",\"itemListElement\":[{\"@type\":\"ListItem\",\"position\":1,\"name\":\"Accueil\",\"item\":\"https:\\\/\\\/www.maitresse-ida.fr\\\/ida\\\/\"},{\"@type\":\"ListItem\",\"position\":2,\"name\":\"Partenaires et liens\"}]},{\"@type\":\"WebSite\",\"@id\":\"https:\\\/\\\/www.maitresse-ida.fr\\\/ida\\\/#website\",\"url\":\"https:\\\/\\\/www.maitresse-ida.fr\\\/ida\\\/\",\"name\":\"Ma\u00eetresse Ida\",\"description\":\"Dominatrice en Provence\",\"publisher\":{\"@id\":\"https:\\\/\\\/www.maitresse-ida.fr\\\/ida\\\/#\\\/schema\\\/person\\\/8ab53d59f6297669045f83bd9eb052ab\"},\"potentialAction\":[{\"@type\":\"SearchAction\",\"target\":{\"@type\":\"EntryPoint\",\"urlTemplate\":\"https:\\\/\\\/www.maitresse-ida.fr\\\/ida\\\/?s={search_term_string}\"},\"query-input\":{\"@type\":\"PropertyValueSpecification\",\"valueRequired\":true,\"valueName\":\"search_term_string\"}}],\"inLanguage\":\"fr-FR\"},{\"@type\":[\"Person\",\"Organization\"],\"@id\":\"https:\\\/\\\/www.maitresse-ida.fr\\\/ida\\\/#\\\/schema\\\/person\\\/8ab53d59f6297669045f83bd9eb052ab\",\"name\":\"Ma\u00eetresse Ida\",\"image\":{\"@type\":\"ImageObject\",\"inLanguage\":\"fr-FR\",\"@id\":\"https:\\\/\\\/i0.wp.com\\\/www.maitresse-ida.fr\\\/ida\\\/wp-content\\\/uploads\\\/2020\\\/04\\\/soumission.jpg?fit=1000%2C694&ssl=1\",\"url\":\"https:\\\/\\\/i0.wp.com\\\/www.maitresse-ida.fr\\\/ida\\\/wp-content\\\/uploads\\\/2020\\\/04\\\/soumission.jpg?fit=1000%2C694&ssl=1\",\"contentUrl\":\"https:\\\/\\\/i0.wp.com\\\/www.maitresse-ida.fr\\\/ida\\\/wp-content\\\/uploads\\\/2020\\\/04\\\/soumission.jpg?fit=1000%2C694&ssl=1\",\"width\":1000,\"height\":694,\"caption\":\"Ma\u00eetresse Ida\"},\"logo\":{\"@id\":\"https:\\\/\\\/i0.wp.com\\\/www.maitresse-ida.fr\\\/ida\\\/wp-content\\\/uploads\\\/2020\\\/04\\\/soumission.jpg?fit=1000%2C694&ssl=1\"},\"sameAs\":[\"http:\\\/\\\/maitresse-ida.fr\\\/\"]}]}<\/script>\n<!-- \/ Yoast SEO Premium plugin. -->","yoast_head_json":{"title":"Partenaires et liens - Ma\u00eetresse Ida","robots":{"index":"index","follow":"follow","max-snippet":"max-snippet:-1","max-image-preview":"max-image-preview:large","max-video-preview":"max-video-preview:-1"},"canonical":"https:\/\/www.maitresse-ida.fr\/ida\/partenaires-et-liens\/","og_locale":"fr_FR","og_type":"article","og_title":"Partenaires et liens","og_description":"https:\/\/bodyhouse.fr\/magasins\/3-avignon-nord?gad_source=1&amp;gad_campaignid=20682426895&amp;gclid=CjwKCAjwk7DFBhBAEiwAeYbJsWT7t5iXZ-lTVW_-CixwKeFgPuh3WuPmvTjfJY5BA4wiJpJf2Pun5BoCqogQAvD_BwELiens vers mes sites partenaires et liens int\u00e9ressants. https:\/\/fetlife.com\/ https:\/\/fetlife.com\/ Annuaires g\u00e9n\u00e9ralistes Oref.fr","og_url":"https:\/\/www.maitresse-ida.fr\/ida\/partenaires-et-liens\/","og_site_name":"Ma\u00eetresse Ida","article_modified_time":"2025-11-05T00:08:00+00:00","og_image":[{"url":"http:\/\/maitresse-ida.fr\/site\/wp-content\/uploads\/2013\/12\/dominatrices-ban-300x38.jpg","type":"","width":"","height":""}],"twitter_card":"summary_large_image","twitter_misc":{"Dur\u00e9e de lecture estim\u00e9e":"2 minutes"},"schema":{"@context":"https:\/\/schema.org","@graph":[{"@type":"WebPage","@id":"https:\/\/www.maitresse-ida.fr\/ida\/partenaires-et-liens\/","url":"https:\/\/www.maitresse-ida.fr\/ida\/partenaires-et-liens\/","name":"Partenaires et liens - Ma\u00eetresse Ida","isPartOf":{"@id":"https:\/\/www.maitresse-ida.fr\/ida\/#website"},"primaryImageOfPage":{"@id":"https:\/\/www.maitresse-ida.fr\/ida\/partenaires-et-liens\/#primaryimage"},"image":{"@id":"https:\/\/www.maitresse-ida.fr\/ida\/partenaires-et-liens\/#primaryimage"},"thumbnailUrl":"http:\/\/maitresse-ida.fr\/site\/wp-content\/uploads\/2013\/12\/dominatrices-ban-300x38.jpg","datePublished":"2015-11-25T14:00:54+00:00","dateModified":"2025-11-05T00:08:00+00:00","breadcrumb":{"@id":"https:\/\/www.maitresse-ida.fr\/ida\/partenaires-et-liens\/#breadcrumb"},"inLanguage":"fr-FR","potentialAction":[{"@type":"ReadAction","target":["https:\/\/www.maitresse-ida.fr\/ida\/partenaires-et-liens\/"]}]},{"@type":"ImageObject","inLanguage":"fr-FR","@id":"https:\/\/www.maitresse-ida.fr\/ida\/partenaires-et-liens\/#primaryimage","url":"http:\/\/maitresse-ida.fr\/site\/wp-content\/uploads\/2013\/12\/dominatrices-ban-300x38.jpg","contentUrl":"http:\/\/maitresse-ida.fr\/site\/wp-content\/uploads\/2013\/12\/dominatrices-ban-300x38.jpg"},{"@type":"BreadcrumbList","@id":"https:\/\/www.maitresse-ida.fr\/ida\/partenaires-et-liens\/#breadcrumb","itemListElement":[{"@type":"ListItem","position":1,"name":"Accueil","item":"https:\/\/www.maitresse-ida.fr\/ida\/"},{"@type":"ListItem","position":2,"name":"Partenaires et liens"}]},{"@type":"WebSite","@id":"https:\/\/www.maitresse-ida.fr\/ida\/#website","url":"https:\/\/www.maitresse-ida.fr\/ida\/","name":"Ma\u00eetresse Ida","description":"Dominatrice en Provence","publisher":{"@id":"https:\/\/www.maitresse-ida.fr\/ida\/#\/schema\/person\/8ab53d59f6297669045f83bd9eb052ab"},"potentialAction":[{"@type":"SearchAction","target":{"@type":"EntryPoint","urlTemplate":"https:\/\/www.maitresse-ida.fr\/ida\/?s={search_term_string}"},"query-input":{"@type":"PropertyValueSpecification","valueRequired":true,"valueName":"search_term_string"}}],"inLanguage":"fr-FR"},{"@type":["Person","Organization"],"@id":"https:\/\/www.maitresse-ida.fr\/ida\/#\/schema\/person\/8ab53d59f6297669045f83bd9eb052ab","name":"Ma\u00eetresse Ida","image":{"@type":"ImageObject","inLanguage":"fr-FR","@id":"https:\/\/i0.wp.com\/www.maitresse-ida.fr\/ida\/wp-content\/uploads\/2020\/04\/soumission.jpg?fit=1000%2C694&ssl=1","url":"https:\/\/i0.wp.com\/www.maitresse-ida.fr\/ida\/wp-content\/uploads\/2020\/04\/soumission.jpg?fit=1000%2C694&ssl=1","contentUrl":"https:\/\/i0.wp.com\/www.maitresse-ida.fr\/ida\/wp-content\/uploads\/2020\/04\/soumission.jpg?fit=1000%2C694&ssl=1","width":1000,"height":694,"caption":"Ma\u00eetresse Ida"},"logo":{"@id":"https:\/\/i0.wp.com\/www.maitresse-ida.fr\/ida\/wp-content\/uploads\/2020\/04\/soumission.jpg?fit=1000%2C694&ssl=1"},"sameAs":["http:\/\/maitresse-ida.fr\/"]}]}},"jetpack_sharing_enabled":true,"jetpack_shortlink":"https:\/\/wp.me\/P6YV2q-15","jetpack-related-posts":[{"id":1325,"url":"https:\/\/www.maitresse-ida.fr\/ida\/qui-suis-je\/","url_meta":{"origin":67,"position":0},"title":"Qui suis-je ?","author":"Ma\u00eetresse Ida","date":"12 mai 2024","format":false,"excerpt":"Qui suis-je \u2013 Ma\u00eetresse Ida Une Dame, une pr\u00e9sence, une promesse Qui suis-je ? Certains d'entre vous m'appelle Maitresse, d'autres Madame, de mon cot\u00e9 j'aime bien le titre de Dame ! Une Dame au port assur\u00e9, \u00e0 la voix calme et ferme, qui incarne une domination \u00e9l\u00e9gante, enveloppante, inoubliable. Elle\u2026","rel":"","context":"Article similaire","block_context":{"text":"Article similaire","link":""},"img":{"alt_text":"Soumission et masochisme : quand la douleur devient d\u00e9sir Quand le regard devient pouvoir","src":"https:\/\/i0.wp.com\/www.maitresse-ida.fr\/ida\/wp-content\/uploads\/2024\/11\/cage-de-chastete-1-e1745765618417.jpg?resize=350%2C200&ssl=1","width":350,"height":200,"srcset":"https:\/\/i0.wp.com\/www.maitresse-ida.fr\/ida\/wp-content\/uploads\/2024\/11\/cage-de-chastete-1-e1745765618417.jpg?resize=350%2C200&ssl=1 1x, https:\/\/i0.wp.com\/www.maitresse-ida.fr\/ida\/wp-content\/uploads\/2024\/11\/cage-de-chastete-1-e1745765618417.jpg?resize=525%2C300&ssl=1 1.5x, https:\/\/i0.wp.com\/www.maitresse-ida.fr\/ida\/wp-content\/uploads\/2024\/11\/cage-de-chastete-1-e1745765618417.jpg?resize=700%2C400&ssl=1 2x"},"classes":[]},{"id":2,"url":"https:\/\/www.maitresse-ida.fr\/ida\/pratiques-bdsm\/","url_meta":{"origin":67,"position":1},"title":"Pratiques BDSM","author":"Admin","date":"24 novembre 2015","format":false,"excerpt":"Ma\u00eetresse \u2013 Dame Ida Pratiques BDSM encadr\u00e9es \u00e0 Avignon \u2013 VaucluseDomination, soumission et fantasmes r\u00e9alis\u00e9sBDSM sous contr\u00f4le, respect et bienveillance Dans la p\u00e9nombre, l\u00e0 o\u00f9 la respiration devient aveu,les pratiques BDSM encadr\u00e9es prennent la forme d\u2019un rituel.Je vous accueille dans un espace o\u00f9 domination et soumission s\u2019entrelacentcomme deux flammes, noires\u2026","rel":"","context":"Article similaire","block_context":{"text":"Article similaire","link":""},"img":{"alt_text":"Jeux de soumission.","src":"https:\/\/i0.wp.com\/www.maitresse-ida.fr\/ida\/wp-content\/uploads\/2020\/01\/691.1.jpg?fit=1024%2C768&ssl=1&resize=350%2C200","width":350,"height":200,"srcset":"https:\/\/i0.wp.com\/www.maitresse-ida.fr\/ida\/wp-content\/uploads\/2020\/01\/691.1.jpg?fit=1024%2C768&ssl=1&resize=350%2C200 1x, https:\/\/i0.wp.com\/www.maitresse-ida.fr\/ida\/wp-content\/uploads\/2020\/01\/691.1.jpg?fit=1024%2C768&ssl=1&resize=525%2C300 1.5x, https:\/\/i0.wp.com\/www.maitresse-ida.fr\/ida\/wp-content\/uploads\/2020\/01\/691.1.jpg?fit=1024%2C768&ssl=1&resize=700%2C400 2x"},"classes":[]}],"jetpack_likes_enabled":true,"_links":{"self":[{"href":"https:\/\/www.maitresse-ida.fr\/ida\/wp-json\/wp\/v2\/pages\/67","targetHints":{"allow":["GET"]}}],"collection":[{"href":"https:\/\/www.maitresse-ida.fr\/ida\/wp-json\/wp\/v2\/pages"}],"about":[{"href":"https:\/\/www.maitresse-ida.fr\/ida\/wp-json\/wp\/v2\/types\/page"}],"author":[{"embeddable":true,"href":"https:\/\/www.maitresse-ida.fr\/ida\/wp-json\/wp\/v2\/users\/1"}],"replies":[{"embeddable":true,"href":"https:\/\/www.maitresse-ida.fr\/ida\/wp-json\/wp\/v2\/comments?post=67"}],"version-history":[{"count":8,"href":"https:\/\/www.maitresse-ida.fr\/ida\/wp-json\/wp\/v2\/pages\/67\/revisions"}],"predecessor-version":[{"id":1732,"href":"https:\/\/www.maitresse-ida.fr\/ida\/wp-json\/wp\/v2\/pages\/67\/revisions\/1732"}],"wp:attachment":[{"href":"https:\/\/www.maitresse-ida.fr\/ida\/wp-json\/wp\/v2\/media?parent=67"}],"curies":[{"name":"wp","href":"https:\/\/api.w.org\/{rel}","templated":true}]}}