{"id":142,"date":"2015-11-26T16:47:01","date_gmt":"2015-11-26T15:47:01","guid":{"rendered":"http:\/\/maitresse-ida.fr\/ida\/?page_id=142"},"modified":"2015-11-26T16:47:01","modified_gmt":"2015-11-26T15:47:01","slug":"maitresse-ida-le-recit","status":"publish","type":"page","link":"https:\/\/www.maitresse-ida.fr\/ida\/maitresse-ida-le-recit\/","title":{"rendered":"Ma\u00eetresse Ida le r\u00e9cit"},"content":{"rendered":"<p><img data-recalc-dims=\"1\" loading=\"lazy\" decoding=\"async\" data-attachment-id=\"130\" data-permalink=\"https:\/\/www.maitresse-ida.fr\/ida\/lauteure\/mir1\/\" data-orig-file=\"https:\/\/i0.wp.com\/www.maitresse-ida.fr\/ida\/wp-content\/uploads\/2015\/11\/mir1.jpg?fit=362%2C550&amp;ssl=1\" data-orig-size=\"362,550\" data-comments-opened=\"1\" data-image-meta=\"{&quot;aperture&quot;:&quot;0&quot;,&quot;credit&quot;:&quot;&quot;,&quot;camera&quot;:&quot;&quot;,&quot;caption&quot;:&quot;&quot;,&quot;created_timestamp&quot;:&quot;0&quot;,&quot;copyright&quot;:&quot;&quot;,&quot;focal_length&quot;:&quot;0&quot;,&quot;iso&quot;:&quot;0&quot;,&quot;shutter_speed&quot;:&quot;0&quot;,&quot;title&quot;:&quot;&quot;,&quot;orientation&quot;:&quot;1&quot;}\" data-image-title=\"Ma\u00eetresse Ida le livre\" data-image-description=\"\" data-image-caption=\"\" data-large-file=\"https:\/\/i0.wp.com\/www.maitresse-ida.fr\/ida\/wp-content\/uploads\/2015\/11\/mir1.jpg?fit=362%2C550&amp;ssl=1\" class=\"alignnone size-medium wp-image-130\" src=\"https:\/\/i0.wp.com\/maitresse-ida.fr\/ida\/wp-content\/uploads\/2015\/11\/mir1-197x300.jpg?resize=197%2C300\" alt=\"Ma\u00eetresse Ida le livre\" width=\"197\" height=\"300\" srcset=\"https:\/\/i0.wp.com\/www.maitresse-ida.fr\/ida\/wp-content\/uploads\/2015\/11\/mir1.jpg?resize=197%2C300&amp;ssl=1 197w, https:\/\/i0.wp.com\/www.maitresse-ida.fr\/ida\/wp-content\/uploads\/2015\/11\/mir1.jpg?w=362&amp;ssl=1 362w\" sizes=\"auto, (max-width: 197px) 100vw, 197px\" \/><\/p>\n<p>Ma\u00eetresse Ida R\u00e9cit.<br \/>\nAux \u00e9ditions Bruno Leprince<\/p>\n<p>&nbsp;<\/p>\n","protected":false},"excerpt":{"rendered":"<p>Ma\u00eetresse Ida R\u00e9cit. Aux \u00e9ditions Bruno Leprince &nbsp;<\/p>\n","protected":false},"author":1,"featured_media":0,"parent":0,"menu_order":0,"comment_status":"closed","ping_status":"closed","template":"","meta":{"jetpack_post_was_ever_published":false,"footnotes":""},"class_list":["post-142","page","type-page","status-publish","hentry"],"yoast_head":"<!-- This site is optimized with the Yoast SEO Premium plugin v27.4 (Yoast SEO v27.5) - https:\/\/yoast.com\/product\/yoast-seo-premium-wordpress\/ -->\n<title>Ma\u00eetresse Ida le r\u00e9cit - Ma\u00eetresse Ida<\/title>\n<meta name=\"robots\" content=\"index, follow, max-snippet:-1, max-image-preview:large, max-video-preview:-1\" \/>\n<link rel=\"canonical\" href=\"https:\/\/www.maitresse-ida.fr\/ida\/maitresse-ida-le-recit\/\" \/>\n<meta property=\"og:locale\" content=\"fr_FR\" \/>\n<meta property=\"og:type\" content=\"article\" \/>\n<meta property=\"og:title\" content=\"Ma\u00eetresse Ida le r\u00e9cit\" \/>\n<meta property=\"og:description\" content=\"Ma\u00eetresse Ida R\u00e9cit. Aux \u00e9ditions Bruno Leprince &nbsp;\" \/>\n<meta property=\"og:url\" content=\"https:\/\/www.maitresse-ida.fr\/ida\/maitresse-ida-le-recit\/\" \/>\n<meta property=\"og:site_name\" content=\"Ma\u00eetresse Ida\" \/>\n<meta property=\"og:image\" content=\"http:\/\/maitresse-ida.fr\/ida\/wp-content\/uploads\/2015\/11\/mir1-197x300.jpg\" \/>\n<meta name=\"twitter:card\" content=\"summary_large_image\" \/>\n<script type=\"application\/ld+json\" class=\"yoast-schema-graph\">{\"@context\":\"https:\\\/\\\/schema.org\",\"@graph\":[{\"@type\":\"WebPage\",\"@id\":\"https:\\\/\\\/www.maitresse-ida.fr\\\/ida\\\/maitresse-ida-le-recit\\\/\",\"url\":\"https:\\\/\\\/www.maitresse-ida.fr\\\/ida\\\/maitresse-ida-le-recit\\\/\",\"name\":\"Ma\u00eetresse Ida le r\u00e9cit - Ma\u00eetresse Ida\",\"isPartOf\":{\"@id\":\"https:\\\/\\\/www.maitresse-ida.fr\\\/ida\\\/#website\"},\"primaryImageOfPage\":{\"@id\":\"https:\\\/\\\/www.maitresse-ida.fr\\\/ida\\\/maitresse-ida-le-recit\\\/#primaryimage\"},\"image\":{\"@id\":\"https:\\\/\\\/www.maitresse-ida.fr\\\/ida\\\/maitresse-ida-le-recit\\\/#primaryimage\"},\"thumbnailUrl\":\"http:\\\/\\\/maitresse-ida.fr\\\/ida\\\/wp-content\\\/uploads\\\/2015\\\/11\\\/mir1-197x300.jpg\",\"datePublished\":\"2015-11-26T15:47:01+00:00\",\"breadcrumb\":{\"@id\":\"https:\\\/\\\/www.maitresse-ida.fr\\\/ida\\\/maitresse-ida-le-recit\\\/#breadcrumb\"},\"inLanguage\":\"fr-FR\",\"potentialAction\":[{\"@type\":\"ReadAction\",\"target\":[\"https:\\\/\\\/www.maitresse-ida.fr\\\/ida\\\/maitresse-ida-le-recit\\\/\"]}]},{\"@type\":\"ImageObject\",\"inLanguage\":\"fr-FR\",\"@id\":\"https:\\\/\\\/www.maitresse-ida.fr\\\/ida\\\/maitresse-ida-le-recit\\\/#primaryimage\",\"url\":\"http:\\\/\\\/maitresse-ida.fr\\\/ida\\\/wp-content\\\/uploads\\\/2015\\\/11\\\/mir1-197x300.jpg\",\"contentUrl\":\"http:\\\/\\\/maitresse-ida.fr\\\/ida\\\/wp-content\\\/uploads\\\/2015\\\/11\\\/mir1-197x300.jpg\"},{\"@type\":\"BreadcrumbList\",\"@id\":\"https:\\\/\\\/www.maitresse-ida.fr\\\/ida\\\/maitresse-ida-le-recit\\\/#breadcrumb\",\"itemListElement\":[{\"@type\":\"ListItem\",\"position\":1,\"name\":\"Accueil\",\"item\":\"https:\\\/\\\/www.maitresse-ida.fr\\\/ida\\\/\"},{\"@type\":\"ListItem\",\"position\":2,\"name\":\"Ma\u00eetresse Ida le r\u00e9cit\"}]},{\"@type\":\"WebSite\",\"@id\":\"https:\\\/\\\/www.maitresse-ida.fr\\\/ida\\\/#website\",\"url\":\"https:\\\/\\\/www.maitresse-ida.fr\\\/ida\\\/\",\"name\":\"Ma\u00eetresse Ida\",\"description\":\"Dominatrice en Provence\",\"publisher\":{\"@id\":\"https:\\\/\\\/www.maitresse-ida.fr\\\/ida\\\/#\\\/schema\\\/person\\\/8ab53d59f6297669045f83bd9eb052ab\"},\"potentialAction\":[{\"@type\":\"SearchAction\",\"target\":{\"@type\":\"EntryPoint\",\"urlTemplate\":\"https:\\\/\\\/www.maitresse-ida.fr\\\/ida\\\/?s={search_term_string}\"},\"query-input\":{\"@type\":\"PropertyValueSpecification\",\"valueRequired\":true,\"valueName\":\"search_term_string\"}}],\"inLanguage\":\"fr-FR\"},{\"@type\":[\"Person\",\"Organization\"],\"@id\":\"https:\\\/\\\/www.maitresse-ida.fr\\\/ida\\\/#\\\/schema\\\/person\\\/8ab53d59f6297669045f83bd9eb052ab\",\"name\":\"Ma\u00eetresse Ida\",\"image\":{\"@type\":\"ImageObject\",\"inLanguage\":\"fr-FR\",\"@id\":\"https:\\\/\\\/i0.wp.com\\\/www.maitresse-ida.fr\\\/ida\\\/wp-content\\\/uploads\\\/2020\\\/04\\\/soumission.jpg?fit=1000%2C694&ssl=1\",\"url\":\"https:\\\/\\\/i0.wp.com\\\/www.maitresse-ida.fr\\\/ida\\\/wp-content\\\/uploads\\\/2020\\\/04\\\/soumission.jpg?fit=1000%2C694&ssl=1\",\"contentUrl\":\"https:\\\/\\\/i0.wp.com\\\/www.maitresse-ida.fr\\\/ida\\\/wp-content\\\/uploads\\\/2020\\\/04\\\/soumission.jpg?fit=1000%2C694&ssl=1\",\"width\":1000,\"height\":694,\"caption\":\"Ma\u00eetresse Ida\"},\"logo\":{\"@id\":\"https:\\\/\\\/i0.wp.com\\\/www.maitresse-ida.fr\\\/ida\\\/wp-content\\\/uploads\\\/2020\\\/04\\\/soumission.jpg?fit=1000%2C694&ssl=1\"},\"sameAs\":[\"http:\\\/\\\/maitresse-ida.fr\\\/\"]}]}<\/script>\n<!-- \/ Yoast SEO Premium plugin. -->","yoast_head_json":{"title":"Ma\u00eetresse Ida le r\u00e9cit - Ma\u00eetresse Ida","robots":{"index":"index","follow":"follow","max-snippet":"max-snippet:-1","max-image-preview":"max-image-preview:large","max-video-preview":"max-video-preview:-1"},"canonical":"https:\/\/www.maitresse-ida.fr\/ida\/maitresse-ida-le-recit\/","og_locale":"fr_FR","og_type":"article","og_title":"Ma\u00eetresse Ida le r\u00e9cit","og_description":"Ma\u00eetresse Ida R\u00e9cit. Aux \u00e9ditions Bruno Leprince &nbsp;","og_url":"https:\/\/www.maitresse-ida.fr\/ida\/maitresse-ida-le-recit\/","og_site_name":"Ma\u00eetresse Ida","og_image":[{"url":"http:\/\/maitresse-ida.fr\/ida\/wp-content\/uploads\/2015\/11\/mir1-197x300.jpg","type":"","width":"","height":""}],"twitter_card":"summary_large_image","schema":{"@context":"https:\/\/schema.org","@graph":[{"@type":"WebPage","@id":"https:\/\/www.maitresse-ida.fr\/ida\/maitresse-ida-le-recit\/","url":"https:\/\/www.maitresse-ida.fr\/ida\/maitresse-ida-le-recit\/","name":"Ma\u00eetresse Ida le r\u00e9cit - Ma\u00eetresse Ida","isPartOf":{"@id":"https:\/\/www.maitresse-ida.fr\/ida\/#website"},"primaryImageOfPage":{"@id":"https:\/\/www.maitresse-ida.fr\/ida\/maitresse-ida-le-recit\/#primaryimage"},"image":{"@id":"https:\/\/www.maitresse-ida.fr\/ida\/maitresse-ida-le-recit\/#primaryimage"},"thumbnailUrl":"http:\/\/maitresse-ida.fr\/ida\/wp-content\/uploads\/2015\/11\/mir1-197x300.jpg","datePublished":"2015-11-26T15:47:01+00:00","breadcrumb":{"@id":"https:\/\/www.maitresse-ida.fr\/ida\/maitresse-ida-le-recit\/#breadcrumb"},"inLanguage":"fr-FR","potentialAction":[{"@type":"ReadAction","target":["https:\/\/www.maitresse-ida.fr\/ida\/maitresse-ida-le-recit\/"]}]},{"@type":"ImageObject","inLanguage":"fr-FR","@id":"https:\/\/www.maitresse-ida.fr\/ida\/maitresse-ida-le-recit\/#primaryimage","url":"http:\/\/maitresse-ida.fr\/ida\/wp-content\/uploads\/2015\/11\/mir1-197x300.jpg","contentUrl":"http:\/\/maitresse-ida.fr\/ida\/wp-content\/uploads\/2015\/11\/mir1-197x300.jpg"},{"@type":"BreadcrumbList","@id":"https:\/\/www.maitresse-ida.fr\/ida\/maitresse-ida-le-recit\/#breadcrumb","itemListElement":[{"@type":"ListItem","position":1,"name":"Accueil","item":"https:\/\/www.maitresse-ida.fr\/ida\/"},{"@type":"ListItem","position":2,"name":"Ma\u00eetresse Ida le r\u00e9cit"}]},{"@type":"WebSite","@id":"https:\/\/www.maitresse-ida.fr\/ida\/#website","url":"https:\/\/www.maitresse-ida.fr\/ida\/","name":"Ma\u00eetresse Ida","description":"Dominatrice en Provence","publisher":{"@id":"https:\/\/www.maitresse-ida.fr\/ida\/#\/schema\/person\/8ab53d59f6297669045f83bd9eb052ab"},"potentialAction":[{"@type":"SearchAction","target":{"@type":"EntryPoint","urlTemplate":"https:\/\/www.maitresse-ida.fr\/ida\/?s={search_term_string}"},"query-input":{"@type":"PropertyValueSpecification","valueRequired":true,"valueName":"search_term_string"}}],"inLanguage":"fr-FR"},{"@type":["Person","Organization"],"@id":"https:\/\/www.maitresse-ida.fr\/ida\/#\/schema\/person\/8ab53d59f6297669045f83bd9eb052ab","name":"Ma\u00eetresse Ida","image":{"@type":"ImageObject","inLanguage":"fr-FR","@id":"https:\/\/i0.wp.com\/www.maitresse-ida.fr\/ida\/wp-content\/uploads\/2020\/04\/soumission.jpg?fit=1000%2C694&ssl=1","url":"https:\/\/i0.wp.com\/www.maitresse-ida.fr\/ida\/wp-content\/uploads\/2020\/04\/soumission.jpg?fit=1000%2C694&ssl=1","contentUrl":"https:\/\/i0.wp.com\/www.maitresse-ida.fr\/ida\/wp-content\/uploads\/2020\/04\/soumission.jpg?fit=1000%2C694&ssl=1","width":1000,"height":694,"caption":"Ma\u00eetresse Ida"},"logo":{"@id":"https:\/\/i0.wp.com\/www.maitresse-ida.fr\/ida\/wp-content\/uploads\/2020\/04\/soumission.jpg?fit=1000%2C694&ssl=1"},"sameAs":["http:\/\/maitresse-ida.fr\/"]}]}},"jetpack_sharing_enabled":true,"jetpack_shortlink":"https:\/\/wp.me\/P6YV2q-2i","jetpack-related-posts":[{"id":129,"url":"https:\/\/www.maitresse-ida.fr\/ida\/lauteure\/","url_meta":{"origin":142,"position":0},"title":"L&rsquo;auteure","author":"Admin","date":"26 novembre 2015","format":false,"excerpt":"L'auteure Ida Denans La donna che picchiava duro: Diario di une domina\u00a0( Coniglio Editore, Rome) Ma\u00eetresse Ida R\u00e9cit. Format broch\u00e9, \u00e9puis\u00e9. Pour commander le livre en version PDF ou Epub (ebook), cliquer ici : Commander le fant\u00f4me de Sade ( France culture) Une \u00e9mission produite par Martin Quenehen et r\u00e9alis\u00e9e\u2026","rel":"","context":"Article similaire","block_context":{"text":"Article similaire","link":""},"img":{"alt_text":"La donna che picchiava duro","src":"https:\/\/i0.wp.com\/maitresse-ida.fr\/ida\/wp-content\/uploads\/2015\/11\/ida1.jpg?resize=350%2C200","width":350,"height":200},"classes":[]},{"id":774,"url":"https:\/\/www.maitresse-ida.fr\/ida\/contact\/","url_meta":{"origin":142,"position":1},"title":"Contact","author":"Admin","date":"14 janvier 2018","format":false,"excerpt":"Ma\u00eetresse Ida T\u00e9l. 06 11 50 68 30 Pour me contacter veuillez utiliser le formulaire ci-dessous \u00a0","rel":"","context":"Article similaire","block_context":{"text":"Article similaire","link":""},"img":{"alt_text":"Pratiques BDSm","src":"https:\/\/i0.wp.com\/maitresse-ida.fr\/ida\/wp-content\/uploads\/2015\/11\/DSC4017-1-225x300.jpg?resize=350%2C200","width":350,"height":200},"classes":[]},{"id":1325,"url":"https:\/\/www.maitresse-ida.fr\/ida\/qui-suis-je\/","url_meta":{"origin":142,"position":2},"title":"Qui suis-je ?","author":"Ma\u00eetresse Ida","date":"12 mai 2024","format":false,"excerpt":"Qui suis-je \u2013 Ma\u00eetresse Ida Une Dame, une pr\u00e9sence, une promesse Qui suis-je ? Certains d'entre vous m'appelle Maitresse, d'autres Madame, de mon cot\u00e9 j'aime bien le titre de Dame ! Une Dame au port assur\u00e9, \u00e0 la voix calme et ferme, qui incarne une domination \u00e9l\u00e9gante, enveloppante, inoubliable. Elle\u2026","rel":"","context":"Article similaire","block_context":{"text":"Article similaire","link":""},"img":{"alt_text":"Soumission et masochisme : quand la douleur devient d\u00e9sir Quand le regard devient pouvoir","src":"https:\/\/i0.wp.com\/www.maitresse-ida.fr\/ida\/wp-content\/uploads\/2024\/11\/cage-de-chastete-1-e1745765618417.jpg?resize=350%2C200&ssl=1","width":350,"height":200,"srcset":"https:\/\/i0.wp.com\/www.maitresse-ida.fr\/ida\/wp-content\/uploads\/2024\/11\/cage-de-chastete-1-e1745765618417.jpg?resize=350%2C200&ssl=1 1x, https:\/\/i0.wp.com\/www.maitresse-ida.fr\/ida\/wp-content\/uploads\/2024\/11\/cage-de-chastete-1-e1745765618417.jpg?resize=525%2C300&ssl=1 1.5x, https:\/\/i0.wp.com\/www.maitresse-ida.fr\/ida\/wp-content\/uploads\/2024\/11\/cage-de-chastete-1-e1745765618417.jpg?resize=700%2C400&ssl=1 2x"},"classes":[]},{"id":37,"url":"https:\/\/www.maitresse-ida.fr\/ida\/le-donjon\/","url_meta":{"origin":142,"position":3},"title":"Le Donjon version BDSM","author":"Admin","date":"24 novembre 2015","format":false,"excerpt":"Le Donjon BDSM : th\u00e9\u00e2tre du d\u00e9sir et de la reconqu\u00eate \u00c0 l\u2019oppos\u00e9, dans les fictions \u00e9rotiques le donjon BDSM est un espace d\u2019affirmation de soi. Ici, le corps n\u2019est pas emprisonn\u00e9 : il est expos\u00e9, c\u00e9l\u00e9br\u00e9, ritualis\u00e9. Les cha\u00eenes n\u2019y sont plus un instrument de punition, mais un outil\u2026","rel":"","context":"Article similaire","block_context":{"text":"Article similaire","link":""},"img":{"alt_text":"Donjon","src":"https:\/\/i0.wp.com\/maitresse-ida.fr\/ida\/wp-content\/uploads\/2017\/04\/Croix-e1492787225788.jpg?resize=350%2C200","width":350,"height":200},"classes":[]},{"id":67,"url":"https:\/\/www.maitresse-ida.fr\/ida\/partenaires-et-liens\/","url_meta":{"origin":142,"position":4},"title":"Partenaires et liens","author":"Admin","date":"25 novembre 2015","format":false,"excerpt":"https:\/\/bodyhouse.fr\/magasins\/3-avignon-nord?gad_source=1&gad_campaignid=20682426895&gclid=CjwKCAjwk7DFBhBAEiwAeYbJsWT7t5iXZ-lTVW_-CixwKeFgPuh3WuPmvTjfJY5BA4wiJpJf2Pun5BoCqogQAvD_BwELiens vers mes sites partenaires et liens int\u00e9ressants. https:\/\/fetlife.com\/ https:\/\/fetlife.com\/ Annuaires g\u00e9n\u00e9ralistes Oref.fr","rel":"","context":"Article similaire","block_context":{"text":"Article similaire","link":""},"img":{"alt_text":"","src":"https:\/\/i0.wp.com\/maitresse-ida.fr\/site\/wp-content\/uploads\/2013\/12\/dominatrices-ban-300x38.jpg?resize=350%2C200","width":350,"height":200},"classes":[]},{"id":1521,"url":"https:\/\/www.maitresse-ida.fr\/ida\/archive-photos\/","url_meta":{"origin":142,"position":5},"title":"Galerie Phototh\u00e8que","author":"Ma\u00eetresse Ida","date":"26 juillet 2025","format":false,"excerpt":"Phototh\u00e8que Notre Histoire en Images. Moments Captur\u00e9s . Instantan\u00e9s Plongez dans ma phototh\u00e8que et revivez les moments forts qui ont marqu\u00e9 l'histoire de ce blog. \"\u00e0 court d'id\u00e9es pour vos fantasmes\" Je suis l\u00e0 pour vous accompagner en pr\u00e9sentiel dans mon donjon. Et aussi \u00e0 distance entre deux s\u00e9ances.","rel":"","context":"Article similaire","block_context":{"text":"Article similaire","link":""},"img":{"alt_text":"F\u00e9tichisme et BDSM","src":"https:\/\/i0.wp.com\/www.maitresse-ida.fr\/ida\/wp-content\/uploads\/2016\/01\/image-une-3.jpg?fit=400%2C261&ssl=1&resize=350%2C200","width":350,"height":200},"classes":[]}],"jetpack_likes_enabled":true,"_links":{"self":[{"href":"https:\/\/www.maitresse-ida.fr\/ida\/wp-json\/wp\/v2\/pages\/142","targetHints":{"allow":["GET"]}}],"collection":[{"href":"https:\/\/www.maitresse-ida.fr\/ida\/wp-json\/wp\/v2\/pages"}],"about":[{"href":"https:\/\/www.maitresse-ida.fr\/ida\/wp-json\/wp\/v2\/types\/page"}],"author":[{"embeddable":true,"href":"https:\/\/www.maitresse-ida.fr\/ida\/wp-json\/wp\/v2\/users\/1"}],"replies":[{"embeddable":true,"href":"https:\/\/www.maitresse-ida.fr\/ida\/wp-json\/wp\/v2\/comments?post=142"}],"version-history":[{"count":2,"href":"https:\/\/www.maitresse-ida.fr\/ida\/wp-json\/wp\/v2\/pages\/142\/revisions"}],"predecessor-version":[{"id":144,"href":"https:\/\/www.maitresse-ida.fr\/ida\/wp-json\/wp\/v2\/pages\/142\/revisions\/144"}],"wp:attachment":[{"href":"https:\/\/www.maitresse-ida.fr\/ida\/wp-json\/wp\/v2\/media?parent=142"}],"curies":[{"name":"wp","href":"https:\/\/api.w.org\/{rel}","templated":true}]}}