{"id":129,"date":"2015-11-26T14:37:49","date_gmt":"2015-11-26T13:37:49","guid":{"rendered":"http:\/\/maitresse-ida.fr\/ida\/?page_id=129"},"modified":"2015-11-30T19:36:28","modified_gmt":"2015-11-30T18:36:28","slug":"lauteure","status":"publish","type":"page","link":"https:\/\/www.maitresse-ida.fr\/ida\/lauteure\/","title":{"rendered":"L&rsquo;auteure"},"content":{"rendered":"<h2>L&rsquo;auteure Ida Denans<\/h2>\n<p><img data-recalc-dims=\"1\" loading=\"lazy\" decoding=\"async\" data-attachment-id=\"131\" data-permalink=\"https:\/\/www.maitresse-ida.fr\/ida\/lauteure\/ida1\/\" data-orig-file=\"https:\/\/i0.wp.com\/www.maitresse-ida.fr\/ida\/wp-content\/uploads\/2015\/11\/ida1.jpg?fit=406%2C550&amp;ssl=1\" data-orig-size=\"406,550\" data-comments-opened=\"1\" data-image-meta=\"{&quot;aperture&quot;:&quot;0&quot;,&quot;credit&quot;:&quot;&quot;,&quot;camera&quot;:&quot;&quot;,&quot;caption&quot;:&quot;&quot;,&quot;created_timestamp&quot;:&quot;0&quot;,&quot;copyright&quot;:&quot;&quot;,&quot;focal_length&quot;:&quot;0&quot;,&quot;iso&quot;:&quot;0&quot;,&quot;shutter_speed&quot;:&quot;0&quot;,&quot;title&quot;:&quot;&quot;,&quot;orientation&quot;:&quot;1&quot;}\" data-image-title=\"La donna che picchiava duro\" data-image-description=\"\" data-image-caption=\"\" data-large-file=\"https:\/\/i0.wp.com\/www.maitresse-ida.fr\/ida\/wp-content\/uploads\/2015\/11\/ida1.jpg?fit=406%2C550&amp;ssl=1\" class=\"alignnone size-full wp-image-131\" src=\"https:\/\/i0.wp.com\/maitresse-ida.fr\/ida\/wp-content\/uploads\/2015\/11\/ida1.jpg?resize=406%2C550\" alt=\"La donna che picchiava duro\" width=\"406\" height=\"550\" srcset=\"https:\/\/i0.wp.com\/www.maitresse-ida.fr\/ida\/wp-content\/uploads\/2015\/11\/ida1.jpg?w=406&amp;ssl=1 406w, https:\/\/i0.wp.com\/www.maitresse-ida.fr\/ida\/wp-content\/uploads\/2015\/11\/ida1.jpg?resize=221%2C300&amp;ssl=1 221w, https:\/\/i0.wp.com\/www.maitresse-ida.fr\/ida\/wp-content\/uploads\/2015\/11\/ida1.jpg?resize=400%2C542&amp;ssl=1 400w\" sizes=\"auto, (max-width: 406px) 100vw, 406px\" \/><\/p>\n<p>La donna che picchiava duro: Diario di une domina\u00a0<em>( Coniglio Editore, Rome)<\/em><\/p>\n<p><img data-recalc-dims=\"1\" loading=\"lazy\" decoding=\"async\" data-attachment-id=\"130\" data-permalink=\"https:\/\/www.maitresse-ida.fr\/ida\/lauteure\/mir1\/\" data-orig-file=\"https:\/\/i0.wp.com\/www.maitresse-ida.fr\/ida\/wp-content\/uploads\/2015\/11\/mir1.jpg?fit=362%2C550&amp;ssl=1\" data-orig-size=\"362,550\" data-comments-opened=\"1\" data-image-meta=\"{&quot;aperture&quot;:&quot;0&quot;,&quot;credit&quot;:&quot;&quot;,&quot;camera&quot;:&quot;&quot;,&quot;caption&quot;:&quot;&quot;,&quot;created_timestamp&quot;:&quot;0&quot;,&quot;copyright&quot;:&quot;&quot;,&quot;focal_length&quot;:&quot;0&quot;,&quot;iso&quot;:&quot;0&quot;,&quot;shutter_speed&quot;:&quot;0&quot;,&quot;title&quot;:&quot;&quot;,&quot;orientation&quot;:&quot;1&quot;}\" data-image-title=\"Ma\u00eetresse Ida le livre\" data-image-description=\"\" data-image-caption=\"\" data-large-file=\"https:\/\/i0.wp.com\/www.maitresse-ida.fr\/ida\/wp-content\/uploads\/2015\/11\/mir1.jpg?fit=362%2C550&amp;ssl=1\" class=\"alignnone size-full wp-image-130\" src=\"https:\/\/i0.wp.com\/maitresse-ida.fr\/ida\/wp-content\/uploads\/2015\/11\/mir1.jpg?resize=362%2C550\" alt=\"Ma\u00eetresse Ida le livre\" width=\"362\" height=\"550\" srcset=\"https:\/\/i0.wp.com\/www.maitresse-ida.fr\/ida\/wp-content\/uploads\/2015\/11\/mir1.jpg?w=362&amp;ssl=1 362w, https:\/\/i0.wp.com\/www.maitresse-ida.fr\/ida\/wp-content\/uploads\/2015\/11\/mir1.jpg?resize=197%2C300&amp;ssl=1 197w\" sizes=\"auto, (max-width: 362px) 100vw, 362px\" \/><\/p>\n<p>Ma\u00eetresse Ida R\u00e9cit.<br \/>\nFormat broch\u00e9, \u00e9puis\u00e9.<\/p>\n<p>Pour commander le livre en version PDF ou Epub (ebook), cliquer ici : Commander<\/p>\n<h2 style=\"text-align: left;\">le fant\u00f4me de Sade ( France culture)<\/h2>\n<p style=\"text-align: left;\">Une \u00e9mission produite par Martin Quenehen et r\u00e9alis\u00e9e par Yvon Croizier<br \/>\nCliquez pour \u00e9couter l&rsquo;\u00e9mission<\/p>\n<p style=\"text-align: left;\"><a href=\"http:\/\/www.franceculture.fr\/player\/reecouter?play=4349679\" target=\"_blank\"><img data-recalc-dims=\"1\" loading=\"lazy\" decoding=\"async\" data-attachment-id=\"132\" data-permalink=\"https:\/\/www.maitresse-ida.fr\/ida\/lauteure\/listen\/\" data-orig-file=\"https:\/\/i0.wp.com\/www.maitresse-ida.fr\/ida\/wp-content\/uploads\/2015\/11\/listen.png?fit=78%2C78&amp;ssl=1\" data-orig-size=\"78,78\" data-comments-opened=\"1\" data-image-meta=\"{&quot;aperture&quot;:&quot;0&quot;,&quot;credit&quot;:&quot;&quot;,&quot;camera&quot;:&quot;&quot;,&quot;caption&quot;:&quot;&quot;,&quot;created_timestamp&quot;:&quot;0&quot;,&quot;copyright&quot;:&quot;&quot;,&quot;focal_length&quot;:&quot;0&quot;,&quot;iso&quot;:&quot;0&quot;,&quot;shutter_speed&quot;:&quot;0&quot;,&quot;title&quot;:&quot;&quot;,&quot;orientation&quot;:&quot;0&quot;}\" data-image-title=\"listen\" data-image-description=\"\" data-image-caption=\"\" data-large-file=\"https:\/\/i0.wp.com\/www.maitresse-ida.fr\/ida\/wp-content\/uploads\/2015\/11\/listen.png?fit=78%2C78&amp;ssl=1\" class=\"alignnone size-full wp-image-132\" src=\"https:\/\/i0.wp.com\/maitresse-ida.fr\/ida\/wp-content\/uploads\/2015\/11\/listen.png?resize=78%2C78\" alt=\"listen\" width=\"78\" height=\"78\" srcset=\"https:\/\/i0.wp.com\/www.maitresse-ida.fr\/ida\/wp-content\/uploads\/2015\/11\/listen.png?w=78&amp;ssl=1 78w, https:\/\/i0.wp.com\/www.maitresse-ida.fr\/ida\/wp-content\/uploads\/2015\/11\/listen.png?resize=50%2C50&amp;ssl=1 50w\" sizes=\"auto, (max-width: 78px) 100vw, 78px\" \/><\/a><\/p>\n<p style=\"text-align: left;\">Table ronde avec :\u00a0La dominatrice\u00a0<strong>Ma\u00eetresse Ida et l<\/strong>e philosophe \u00a0<strong>Philippe Mengue.<br \/>\n<\/strong>Interview TV par par Paolo Bonolis dans les studios de Cinecitta \u00e0 Rome, mars 2008, dans le cadre de l&rsquo;\u00e9mission <strong>Il Senso Della Vita<\/strong> sur Canal 5<\/p>\n<p>&nbsp;<\/p>\n","protected":false},"excerpt":{"rendered":"<p>L&rsquo;auteure Ida Denans La donna che picchiava duro: Diario di une domina\u00a0( Coniglio Editore, Rome) Ma\u00eetresse Ida R\u00e9cit. Format broch\u00e9, \u00e9puis\u00e9. Pour commander le livre en version PDF ou Epub (ebook), cliquer ici : Commander le fant\u00f4me de Sade ( France culture) Une \u00e9mission produite par Martin Quenehen et r\u00e9alis\u00e9e par Yvon Croizier Cliquez pour [&hellip;]<\/p>\n","protected":false},"author":1,"featured_media":0,"parent":0,"menu_order":0,"comment_status":"closed","ping_status":"closed","template":"","meta":{"jetpack_post_was_ever_published":false,"footnotes":""},"class_list":["post-129","page","type-page","status-publish","hentry"],"yoast_head":"<!-- This site is optimized with the Yoast SEO Premium plugin v27.4 (Yoast SEO v27.5) - https:\/\/yoast.com\/product\/yoast-seo-premium-wordpress\/ -->\n<title>L&#039;auteure - Ma\u00eetresse Ida<\/title>\n<meta name=\"robots\" content=\"index, follow, max-snippet:-1, max-image-preview:large, max-video-preview:-1\" \/>\n<link rel=\"canonical\" href=\"https:\/\/www.maitresse-ida.fr\/ida\/lauteure\/\" \/>\n<meta property=\"og:locale\" content=\"fr_FR\" \/>\n<meta property=\"og:type\" content=\"article\" \/>\n<meta property=\"og:title\" content=\"L&#039;auteure\" \/>\n<meta property=\"og:description\" content=\"L&rsquo;auteure Ida Denans La donna che picchiava duro: Diario di une domina\u00a0( Coniglio Editore, Rome) Ma\u00eetresse Ida R\u00e9cit. Format broch\u00e9, \u00e9puis\u00e9. Pour commander le livre en version PDF ou Epub (ebook), cliquer ici : Commander le fant\u00f4me de Sade ( France culture) Une \u00e9mission produite par Martin Quenehen et r\u00e9alis\u00e9e par Yvon Croizier Cliquez pour [&hellip;]\" \/>\n<meta property=\"og:url\" content=\"https:\/\/www.maitresse-ida.fr\/ida\/lauteure\/\" \/>\n<meta property=\"og:site_name\" content=\"Ma\u00eetresse Ida\" \/>\n<meta property=\"article:modified_time\" content=\"2015-11-30T18:36:28+00:00\" \/>\n<meta property=\"og:image\" content=\"http:\/\/maitresse-ida.fr\/ida\/wp-content\/uploads\/2015\/11\/ida1.jpg\" \/>\n<meta name=\"twitter:card\" content=\"summary_large_image\" \/>\n<meta name=\"twitter:label1\" content=\"Dur\u00e9e de lecture estim\u00e9e\" \/>\n\t<meta name=\"twitter:data1\" content=\"1 minute\" \/>\n<script type=\"application\/ld+json\" class=\"yoast-schema-graph\">{\"@context\":\"https:\\\/\\\/schema.org\",\"@graph\":[{\"@type\":\"WebPage\",\"@id\":\"https:\\\/\\\/www.maitresse-ida.fr\\\/ida\\\/lauteure\\\/\",\"url\":\"https:\\\/\\\/www.maitresse-ida.fr\\\/ida\\\/lauteure\\\/\",\"name\":\"L'auteure - Ma\u00eetresse Ida\",\"isPartOf\":{\"@id\":\"https:\\\/\\\/www.maitresse-ida.fr\\\/ida\\\/#website\"},\"primaryImageOfPage\":{\"@id\":\"https:\\\/\\\/www.maitresse-ida.fr\\\/ida\\\/lauteure\\\/#primaryimage\"},\"image\":{\"@id\":\"https:\\\/\\\/www.maitresse-ida.fr\\\/ida\\\/lauteure\\\/#primaryimage\"},\"thumbnailUrl\":\"http:\\\/\\\/maitresse-ida.fr\\\/ida\\\/wp-content\\\/uploads\\\/2015\\\/11\\\/ida1.jpg\",\"datePublished\":\"2015-11-26T13:37:49+00:00\",\"dateModified\":\"2015-11-30T18:36:28+00:00\",\"breadcrumb\":{\"@id\":\"https:\\\/\\\/www.maitresse-ida.fr\\\/ida\\\/lauteure\\\/#breadcrumb\"},\"inLanguage\":\"fr-FR\",\"potentialAction\":[{\"@type\":\"ReadAction\",\"target\":[\"https:\\\/\\\/www.maitresse-ida.fr\\\/ida\\\/lauteure\\\/\"]}]},{\"@type\":\"ImageObject\",\"inLanguage\":\"fr-FR\",\"@id\":\"https:\\\/\\\/www.maitresse-ida.fr\\\/ida\\\/lauteure\\\/#primaryimage\",\"url\":\"http:\\\/\\\/maitresse-ida.fr\\\/ida\\\/wp-content\\\/uploads\\\/2015\\\/11\\\/ida1.jpg\",\"contentUrl\":\"http:\\\/\\\/maitresse-ida.fr\\\/ida\\\/wp-content\\\/uploads\\\/2015\\\/11\\\/ida1.jpg\"},{\"@type\":\"BreadcrumbList\",\"@id\":\"https:\\\/\\\/www.maitresse-ida.fr\\\/ida\\\/lauteure\\\/#breadcrumb\",\"itemListElement\":[{\"@type\":\"ListItem\",\"position\":1,\"name\":\"Accueil\",\"item\":\"https:\\\/\\\/www.maitresse-ida.fr\\\/ida\\\/\"},{\"@type\":\"ListItem\",\"position\":2,\"name\":\"L&rsquo;auteure\"}]},{\"@type\":\"WebSite\",\"@id\":\"https:\\\/\\\/www.maitresse-ida.fr\\\/ida\\\/#website\",\"url\":\"https:\\\/\\\/www.maitresse-ida.fr\\\/ida\\\/\",\"name\":\"Ma\u00eetresse Ida\",\"description\":\"Dominatrice en Provence\",\"publisher\":{\"@id\":\"https:\\\/\\\/www.maitresse-ida.fr\\\/ida\\\/#\\\/schema\\\/person\\\/8ab53d59f6297669045f83bd9eb052ab\"},\"potentialAction\":[{\"@type\":\"SearchAction\",\"target\":{\"@type\":\"EntryPoint\",\"urlTemplate\":\"https:\\\/\\\/www.maitresse-ida.fr\\\/ida\\\/?s={search_term_string}\"},\"query-input\":{\"@type\":\"PropertyValueSpecification\",\"valueRequired\":true,\"valueName\":\"search_term_string\"}}],\"inLanguage\":\"fr-FR\"},{\"@type\":[\"Person\",\"Organization\"],\"@id\":\"https:\\\/\\\/www.maitresse-ida.fr\\\/ida\\\/#\\\/schema\\\/person\\\/8ab53d59f6297669045f83bd9eb052ab\",\"name\":\"Ma\u00eetresse Ida\",\"image\":{\"@type\":\"ImageObject\",\"inLanguage\":\"fr-FR\",\"@id\":\"https:\\\/\\\/i0.wp.com\\\/www.maitresse-ida.fr\\\/ida\\\/wp-content\\\/uploads\\\/2020\\\/04\\\/soumission.jpg?fit=1000%2C694&ssl=1\",\"url\":\"https:\\\/\\\/i0.wp.com\\\/www.maitresse-ida.fr\\\/ida\\\/wp-content\\\/uploads\\\/2020\\\/04\\\/soumission.jpg?fit=1000%2C694&ssl=1\",\"contentUrl\":\"https:\\\/\\\/i0.wp.com\\\/www.maitresse-ida.fr\\\/ida\\\/wp-content\\\/uploads\\\/2020\\\/04\\\/soumission.jpg?fit=1000%2C694&ssl=1\",\"width\":1000,\"height\":694,\"caption\":\"Ma\u00eetresse Ida\"},\"logo\":{\"@id\":\"https:\\\/\\\/i0.wp.com\\\/www.maitresse-ida.fr\\\/ida\\\/wp-content\\\/uploads\\\/2020\\\/04\\\/soumission.jpg?fit=1000%2C694&ssl=1\"},\"sameAs\":[\"http:\\\/\\\/maitresse-ida.fr\\\/\"]}]}<\/script>\n<!-- \/ Yoast SEO Premium plugin. -->","yoast_head_json":{"title":"L'auteure - Ma\u00eetresse Ida","robots":{"index":"index","follow":"follow","max-snippet":"max-snippet:-1","max-image-preview":"max-image-preview:large","max-video-preview":"max-video-preview:-1"},"canonical":"https:\/\/www.maitresse-ida.fr\/ida\/lauteure\/","og_locale":"fr_FR","og_type":"article","og_title":"L'auteure","og_description":"L&rsquo;auteure Ida Denans La donna che picchiava duro: Diario di une domina\u00a0( Coniglio Editore, Rome) Ma\u00eetresse Ida R\u00e9cit. Format broch\u00e9, \u00e9puis\u00e9. Pour commander le livre en version PDF ou Epub (ebook), cliquer ici : Commander le fant\u00f4me de Sade ( France culture) Une \u00e9mission produite par Martin Quenehen et r\u00e9alis\u00e9e par Yvon Croizier Cliquez pour [&hellip;]","og_url":"https:\/\/www.maitresse-ida.fr\/ida\/lauteure\/","og_site_name":"Ma\u00eetresse Ida","article_modified_time":"2015-11-30T18:36:28+00:00","og_image":[{"url":"http:\/\/maitresse-ida.fr\/ida\/wp-content\/uploads\/2015\/11\/ida1.jpg","type":"","width":"","height":""}],"twitter_card":"summary_large_image","twitter_misc":{"Dur\u00e9e de lecture estim\u00e9e":"1 minute"},"schema":{"@context":"https:\/\/schema.org","@graph":[{"@type":"WebPage","@id":"https:\/\/www.maitresse-ida.fr\/ida\/lauteure\/","url":"https:\/\/www.maitresse-ida.fr\/ida\/lauteure\/","name":"L'auteure - Ma\u00eetresse Ida","isPartOf":{"@id":"https:\/\/www.maitresse-ida.fr\/ida\/#website"},"primaryImageOfPage":{"@id":"https:\/\/www.maitresse-ida.fr\/ida\/lauteure\/#primaryimage"},"image":{"@id":"https:\/\/www.maitresse-ida.fr\/ida\/lauteure\/#primaryimage"},"thumbnailUrl":"http:\/\/maitresse-ida.fr\/ida\/wp-content\/uploads\/2015\/11\/ida1.jpg","datePublished":"2015-11-26T13:37:49+00:00","dateModified":"2015-11-30T18:36:28+00:00","breadcrumb":{"@id":"https:\/\/www.maitresse-ida.fr\/ida\/lauteure\/#breadcrumb"},"inLanguage":"fr-FR","potentialAction":[{"@type":"ReadAction","target":["https:\/\/www.maitresse-ida.fr\/ida\/lauteure\/"]}]},{"@type":"ImageObject","inLanguage":"fr-FR","@id":"https:\/\/www.maitresse-ida.fr\/ida\/lauteure\/#primaryimage","url":"http:\/\/maitresse-ida.fr\/ida\/wp-content\/uploads\/2015\/11\/ida1.jpg","contentUrl":"http:\/\/maitresse-ida.fr\/ida\/wp-content\/uploads\/2015\/11\/ida1.jpg"},{"@type":"BreadcrumbList","@id":"https:\/\/www.maitresse-ida.fr\/ida\/lauteure\/#breadcrumb","itemListElement":[{"@type":"ListItem","position":1,"name":"Accueil","item":"https:\/\/www.maitresse-ida.fr\/ida\/"},{"@type":"ListItem","position":2,"name":"L&rsquo;auteure"}]},{"@type":"WebSite","@id":"https:\/\/www.maitresse-ida.fr\/ida\/#website","url":"https:\/\/www.maitresse-ida.fr\/ida\/","name":"Ma\u00eetresse Ida","description":"Dominatrice en Provence","publisher":{"@id":"https:\/\/www.maitresse-ida.fr\/ida\/#\/schema\/person\/8ab53d59f6297669045f83bd9eb052ab"},"potentialAction":[{"@type":"SearchAction","target":{"@type":"EntryPoint","urlTemplate":"https:\/\/www.maitresse-ida.fr\/ida\/?s={search_term_string}"},"query-input":{"@type":"PropertyValueSpecification","valueRequired":true,"valueName":"search_term_string"}}],"inLanguage":"fr-FR"},{"@type":["Person","Organization"],"@id":"https:\/\/www.maitresse-ida.fr\/ida\/#\/schema\/person\/8ab53d59f6297669045f83bd9eb052ab","name":"Ma\u00eetresse Ida","image":{"@type":"ImageObject","inLanguage":"fr-FR","@id":"https:\/\/i0.wp.com\/www.maitresse-ida.fr\/ida\/wp-content\/uploads\/2020\/04\/soumission.jpg?fit=1000%2C694&ssl=1","url":"https:\/\/i0.wp.com\/www.maitresse-ida.fr\/ida\/wp-content\/uploads\/2020\/04\/soumission.jpg?fit=1000%2C694&ssl=1","contentUrl":"https:\/\/i0.wp.com\/www.maitresse-ida.fr\/ida\/wp-content\/uploads\/2020\/04\/soumission.jpg?fit=1000%2C694&ssl=1","width":1000,"height":694,"caption":"Ma\u00eetresse Ida"},"logo":{"@id":"https:\/\/i0.wp.com\/www.maitresse-ida.fr\/ida\/wp-content\/uploads\/2020\/04\/soumission.jpg?fit=1000%2C694&ssl=1"},"sameAs":["http:\/\/maitresse-ida.fr\/"]}]}},"jetpack_sharing_enabled":true,"jetpack_shortlink":"https:\/\/wp.me\/P6YV2q-25","jetpack-related-posts":[{"id":1325,"url":"https:\/\/www.maitresse-ida.fr\/ida\/qui-suis-je\/","url_meta":{"origin":129,"position":0},"title":"Qui suis-je ?","author":"Ma\u00eetresse Ida","date":"12 mai 2024","format":false,"excerpt":"Qui suis-je \u2013 Ma\u00eetresse Ida Une Dame, une pr\u00e9sence, une promesse Qui suis-je ? Certains d'entre vous m'appelle Maitresse, d'autres Madame, de mon cot\u00e9 j'aime bien le titre de Dame ! Une Dame au port assur\u00e9, \u00e0 la voix calme et ferme, qui incarne une domination \u00e9l\u00e9gante, enveloppante, inoubliable. Elle\u2026","rel":"","context":"Article similaire","block_context":{"text":"Article similaire","link":""},"img":{"alt_text":"Soumission et masochisme : quand la douleur devient d\u00e9sir Quand le regard devient pouvoir","src":"https:\/\/i0.wp.com\/www.maitresse-ida.fr\/ida\/wp-content\/uploads\/2024\/11\/cage-de-chastete-1-e1745765618417.jpg?resize=350%2C200&ssl=1","width":350,"height":200,"srcset":"https:\/\/i0.wp.com\/www.maitresse-ida.fr\/ida\/wp-content\/uploads\/2024\/11\/cage-de-chastete-1-e1745765618417.jpg?resize=350%2C200&ssl=1 1x, https:\/\/i0.wp.com\/www.maitresse-ida.fr\/ida\/wp-content\/uploads\/2024\/11\/cage-de-chastete-1-e1745765618417.jpg?resize=525%2C300&ssl=1 1.5x, https:\/\/i0.wp.com\/www.maitresse-ida.fr\/ida\/wp-content\/uploads\/2024\/11\/cage-de-chastete-1-e1745765618417.jpg?resize=700%2C400&ssl=1 2x"},"classes":[]},{"id":790,"url":"https:\/\/www.maitresse-ida.fr\/ida\/politique-de-confidentialite\/","url_meta":{"origin":129,"position":1},"title":"Politique de confidentialit\u00e9","author":"Ma\u00eetresse Ida","date":"8 juin 2018","format":false,"excerpt":"Politique de confidentialit\u00e9. Coordonn\u00e9es du site : le site maitresse-ida.f est \u00e9dit\u00e9 par : Ida Denans Adresse :\u00a0Route De Saint Veran 84190 BEAUMES DE VENISE Le responsable de la r\u00e9daction: Ida Denans Le site est h\u00e9berg\u00e9 par la soci\u00e9t\u00e9 OVH SAS au capital de 10 000 000 \u20ac RCS Roubaix\u2026","rel":"","context":"Article similaire","block_context":{"text":"Article similaire","link":""},"img":{"alt_text":"","src":"","width":0,"height":0},"classes":[]},{"id":167,"url":"https:\/\/www.maitresse-ida.fr\/ida\/mentions-legales\/","url_meta":{"origin":129,"position":2},"title":"Mentions l\u00e9gales","author":"Admin","date":"28 novembre 2015","format":false,"excerpt":"Le site http:\/\/maitresse-ida.fr\/\u00a0est \u00e9dit\u00e9 par : Ida Denans Responsable de la r\u00e9daction : Ida Denans Adresse :\u00a0 84190 Beaumes de Venise T\u00e9l. 04 90 65 05 04 Le site est h\u00e9berg\u00e9 par la soci\u00e9t\u00e9 OVH SAS au capital de 10 000 000 \u20ac RCS Roubaix \u2013 Tourcoing 424 761 419\u2026","rel":"","context":"Article similaire","block_context":{"text":"Article similaire","link":""},"img":{"alt_text":"","src":"","width":0,"height":0},"classes":[]},{"id":37,"url":"https:\/\/www.maitresse-ida.fr\/ida\/le-donjon\/","url_meta":{"origin":129,"position":3},"title":"Le Donjon version BDSM","author":"Admin","date":"24 novembre 2015","format":false,"excerpt":"Le Donjon BDSM : th\u00e9\u00e2tre du d\u00e9sir et de la reconqu\u00eate \u00c0 l\u2019oppos\u00e9, dans les fictions \u00e9rotiques le donjon BDSM est un espace d\u2019affirmation de soi. Ici, le corps n\u2019est pas emprisonn\u00e9 : il est expos\u00e9, c\u00e9l\u00e9br\u00e9, ritualis\u00e9. Les cha\u00eenes n\u2019y sont plus un instrument de punition, mais un outil\u2026","rel":"","context":"Article similaire","block_context":{"text":"Article similaire","link":""},"img":{"alt_text":"Donjon","src":"https:\/\/i0.wp.com\/maitresse-ida.fr\/ida\/wp-content\/uploads\/2017\/04\/Croix-e1492787225788.jpg?resize=350%2C200","width":350,"height":200},"classes":[]},{"id":1521,"url":"https:\/\/www.maitresse-ida.fr\/ida\/archive-photos\/","url_meta":{"origin":129,"position":4},"title":"Galerie Phototh\u00e8que","author":"Ma\u00eetresse Ida","date":"26 juillet 2025","format":false,"excerpt":"Phototh\u00e8que Notre Histoire en Images. Moments Captur\u00e9s . Instantan\u00e9s Plongez dans ma phototh\u00e8que et revivez les moments forts qui ont marqu\u00e9 l'histoire de ce blog. \"\u00e0 court d'id\u00e9es pour vos fantasmes\" Je suis l\u00e0 pour vous accompagner en pr\u00e9sentiel dans mon donjon. Et aussi \u00e0 distance entre deux s\u00e9ances.","rel":"","context":"Article similaire","block_context":{"text":"Article similaire","link":""},"img":{"alt_text":"F\u00e9tichisme et BDSM","src":"https:\/\/i0.wp.com\/www.maitresse-ida.fr\/ida\/wp-content\/uploads\/2016\/01\/image-une-3.jpg?fit=400%2C261&ssl=1&resize=350%2C200","width":350,"height":200},"classes":[]},{"id":2,"url":"https:\/\/www.maitresse-ida.fr\/ida\/pratiques-bdsm\/","url_meta":{"origin":129,"position":5},"title":"Pratiques BDSM","author":"Admin","date":"24 novembre 2015","format":false,"excerpt":"Ma\u00eetresse \u2013 Dame Ida Pratiques BDSM encadr\u00e9es \u00e0 Avignon \u2013 VaucluseDomination, soumission et fantasmes r\u00e9alis\u00e9sBDSM sous contr\u00f4le, respect et bienveillance Dans la p\u00e9nombre, l\u00e0 o\u00f9 la respiration devient aveu,les pratiques BDSM encadr\u00e9es prennent la forme d\u2019un rituel.Je vous accueille dans un espace o\u00f9 domination et soumission s\u2019entrelacentcomme deux flammes, noires\u2026","rel":"","context":"Article similaire","block_context":{"text":"Article similaire","link":""},"img":{"alt_text":"Jeux de soumission.","src":"https:\/\/i0.wp.com\/www.maitresse-ida.fr\/ida\/wp-content\/uploads\/2020\/01\/691.1.jpg?fit=1024%2C768&ssl=1&resize=350%2C200","width":350,"height":200,"srcset":"https:\/\/i0.wp.com\/www.maitresse-ida.fr\/ida\/wp-content\/uploads\/2020\/01\/691.1.jpg?fit=1024%2C768&ssl=1&resize=350%2C200 1x, https:\/\/i0.wp.com\/www.maitresse-ida.fr\/ida\/wp-content\/uploads\/2020\/01\/691.1.jpg?fit=1024%2C768&ssl=1&resize=525%2C300 1.5x, https:\/\/i0.wp.com\/www.maitresse-ida.fr\/ida\/wp-content\/uploads\/2020\/01\/691.1.jpg?fit=1024%2C768&ssl=1&resize=700%2C400 2x"},"classes":[]}],"jetpack_likes_enabled":true,"_links":{"self":[{"href":"https:\/\/www.maitresse-ida.fr\/ida\/wp-json\/wp\/v2\/pages\/129","targetHints":{"allow":["GET"]}}],"collection":[{"href":"https:\/\/www.maitresse-ida.fr\/ida\/wp-json\/wp\/v2\/pages"}],"about":[{"href":"https:\/\/www.maitresse-ida.fr\/ida\/wp-json\/wp\/v2\/types\/page"}],"author":[{"embeddable":true,"href":"https:\/\/www.maitresse-ida.fr\/ida\/wp-json\/wp\/v2\/users\/1"}],"replies":[{"embeddable":true,"href":"https:\/\/www.maitresse-ida.fr\/ida\/wp-json\/wp\/v2\/comments?post=129"}],"version-history":[{"count":6,"href":"https:\/\/www.maitresse-ida.fr\/ida\/wp-json\/wp\/v2\/pages\/129\/revisions"}],"predecessor-version":[{"id":228,"href":"https:\/\/www.maitresse-ida.fr\/ida\/wp-json\/wp\/v2\/pages\/129\/revisions\/228"}],"wp:attachment":[{"href":"https:\/\/www.maitresse-ida.fr\/ida\/wp-json\/wp\/v2\/media?parent=129"}],"curies":[{"name":"wp","href":"https:\/\/api.w.org\/{rel}","templated":true}]}}